{"id":10270,"date":"2024-03-20T18:32:20","date_gmt":"2024-03-20T18:32:20","guid":{"rendered":"https:\/\/www.genotrotter.de\/reiseblog\/?page_id=10270"},"modified":"2024-04-05T10:16:53","modified_gmt":"2024-04-05T10:16:53","slug":"malaysia","status":"publish","type":"page","link":"https:\/\/www.genotrotter.de\/reiseblog\/malaysia\/","title":{"rendered":"Malaysia"},"content":{"rendered":"\t\t<div data-elementor-type=\"wp-page\" data-elementor-id=\"10270\" class=\"elementor elementor-10270\" data-elementor-post-type=\"page\">\n\t\t\t\t\t\t<section class=\"elementor-section elementor-top-section elementor-element elementor-element-3d121a9 elementor-section-boxed elementor-section-height-default elementor-section-height-default\" data-id=\"3d121a9\" data-element_type=\"section\" data-e-type=\"section\">\n\t\t\t\t\t\t<div class=\"elementor-container elementor-column-gap-default\">\n\t\t\t\t\t<div class=\"elementor-column elementor-col-100 elementor-top-column elementor-element elementor-element-d9b345b\" data-id=\"d9b345b\" data-element_type=\"column\" data-e-type=\"column\">\n\t\t\t<div class=\"elementor-widget-wrap elementor-element-populated\">\n\t\t\t\t\t\t<div class=\"elementor-element elementor-element-4dc96aa elementor-widget elementor-widget-text-editor\" data-id=\"4dc96aa\" data-element_type=\"widget\" data-e-type=\"widget\" data-widget_type=\"text-editor.default\">\n\t\t\t\t<div class=\"elementor-widget-container\">\n\t\t\t\t\t\t\t\t\t<p><em>Malaysia<\/em> ist definitiv eine Reise wert! Doch auf unserer Weltreise machten wir nur einen kurzen Zwischenstopp in der Hauptstadt <em>Kuala Lumpur<\/em>. Unsere Erkundungstour f\u00fchrte uns zu den h\u00f6chsten Zwillingst\u00fcrmen der Welt, zu den heiligen Batu Caves vorbei an so einigen leckeren Streetfood-St\u00e4nden und zur ber\u00fchmten und sehr alten Markthalle, wo man die traditionelle K\u00fcche Malaysias von s\u00fc\u00df bis herzhaft verk\u00f6stigen kann.\u00a0<\/p><p>Bereit f\u00fcr einen kleinen Gro\u00dfstadtschock voller Leckereien? Let\u00b4s go!<\/p>\t\t\t\t\t\t\t\t<\/div>\n\t\t\t\t<\/div>\n\t\t\t\t\t<\/div>\n\t\t<\/div>\n\t\t\t\t\t<\/div>\n\t\t<\/section>\n\t\t\t\t<section class=\"elementor-section elementor-top-section elementor-element elementor-element-923f9bb elementor-section-boxed elementor-section-height-default elementor-section-height-default\" data-id=\"923f9bb\" data-element_type=\"section\" data-e-type=\"section\">\n\t\t\t\t\t\t<div class=\"elementor-container elementor-column-gap-default\">\n\t\t\t\t\t<div class=\"elementor-column elementor-col-100 elementor-top-column elementor-element elementor-element-f58fa1b\" data-id=\"f58fa1b\" data-element_type=\"column\" data-e-type=\"column\">\n\t\t\t<div class=\"elementor-widget-wrap elementor-element-populated\">\n\t\t\t\t\t\t<div class=\"elementor-element elementor-element-7b87eb4 stratum-swiper-direction-horizontal elementor-widget elementor-widget-stratum-advanced-slider\" data-id=\"7b87eb4\" data-element_type=\"widget\" data-e-type=\"widget\" data-settings=\"{&quot;navigation&quot;:&quot;none&quot;,&quot;columns_count&quot;:&quot;1&quot;,&quot;columns_count_tablet&quot;:&quot;1&quot;,&quot;columns_count_mobile&quot;:&quot;1&quot;,&quot;slides_in_columns&quot;:&quot;1&quot;,&quot;slides_in_columns_tablet&quot;:&quot;1&quot;,&quot;slides_in_columns_mobile&quot;:&quot;1&quot;,&quot;slides_to_scroll&quot;:&quot;1&quot;,&quot;slides_to_scroll_tablet&quot;:&quot;1&quot;,&quot;slides_to_scroll_mobile&quot;:&quot;1&quot;,&quot;slider_direction&quot;:&quot;horizontal&quot;,&quot;slide_effects&quot;:&quot;slide&quot;,&quot;animation_speed&quot;:300}\" data-widget_type=\"stratum-advanced-slider.default\">\n\t\t\t\t<div class=\"elementor-widget-container\">\n\t\t\t\t\t<div class=\"stratum-advanced-slider\" data-slider-options=\"{&quot;slidesPerView&quot;:1,&quot;slidesPerColumn&quot;:1,&quot;slidesPerColumnFill&quot;:&quot;row&quot;,&quot;slidesPerGroup&quot;:1,&quot;direction&quot;:&quot;horizontal&quot;,&quot;autoHeight&quot;:false,&quot;keyboard&quot;:false,&quot;mousewheel&quot;:false,&quot;centeredSlides&quot;:false,&quot;spaceBetween&quot;:0,&quot;freeMode&quot;:false,&quot;effect&quot;:&quot;slide&quot;,&quot;autoplay&quot;:false,&quot;autoplayPause&quot;:false,&quot;loop&quot;:false,&quot;speed&quot;:300,&quot;allowTouchMove&quot;:false,&quot;textAnimationDelay&quot;:500,&quot;coverflow_visible&quot;:false,&quot;responsive&quot;:{&quot;slidesPerView_tablet&quot;:1,&quot;slidesPerView_mobile&quot;:1,&quot;slidesPerColumn_tablet&quot;:1,&quot;slidesPerColumn_mobile&quot;:1,&quot;slidesPerGroup_tablet&quot;:1,&quot;slidesPerGroup_mobile&quot;:1,&quot;spaceBetween_tablet&quot;:0,&quot;spaceBetween_mobile&quot;:0}}\">\n\t<div class=\"swiper swiper-container\">\n\t\t<div class=\"swiper-wrapper\">\n\t\t\t\t\t\t\t<div class=\"swiper-slide elementor-repeater-item-3222db2\">\n\t\t\t\t\t<div class=\"stratum-advanced-slider__image\" style=\"background-image: url('https:\/\/www.genotrotter.de\/reiseblog\/wp-content\/uploads\/2024\/03\/IMG_8163-2-scaled.jpg'); \"><\/div>\n\t\t\t\t\t<div class=\"stratum-advanced-slider__slide-content\">\n\t\t\t\t\t\t<div class=\"stratum-advanced-slider__slide-wrapper\">\n\t\t\t\t\t\t\t<div class=\"stratum-advanced-slider__slide-container\">\n\t\t\t\t\t\t\t\t\t\t\t\t\t\t\t<h3 class=\"stratum-advanced-slider__title\">\n\t\t\t\t\t\t\t\t\tKuala Lumpur\t\t\t\t\t\t\t\t<\/h3>\n\t\t\t\t\t\t\t\t\t\t\t\t\t\t\t<div class=\"stratum-advanced-slider__button\">\n\t\t\t\t\t\t\t\t\t<a href=\"https:\/\/www.genotrotter.de\/reiseblog\/kuala-lumpur\/\" target=\"_blank\"  >Hier Klicken<\/a>\n\t\t\t\t\t\t\t\t<\/div>\n\t\t\t\t\t\t\t\t\t\t\t\t\t\t<\/div>\n\t\t\t\t\t\t<\/div>\n\t\t\t\t\t<\/div>\n\t\t\t\t\t<div class=\"stratum-advanced-slider__overlay\"><\/div>\n\t\t\t\t<\/div>\n\t\t\t\t\t<\/div>\n\t\t\t<\/div>\n\n\t<\/div>\n\t\t\t\t<\/div>\n\t\t\t\t<\/div>\n\t\t\t\t\t<\/div>\n\t\t<\/div>\n\t\t\t\t\t<\/div>\n\t\t<\/section>\n\t\t\t\t<\/div>\n\t\t","protected":false},"excerpt":{"rendered":"<p>Malaysia ist definitiv eine Reise wert! Doch auf unserer Weltreise machten wir nur einen kurzen Zwischenstopp in der Hauptstadt Kuala Lumpur. Unsere Erkundungstour f\u00fchrte uns zu den h\u00f6chsten Zwillingst\u00fcrmen der Welt, zu den heiligen Batu Caves vorbei an so einigen leckeren Streetfood-St\u00e4nden und zur ber\u00fchmten und sehr alten Markthalle, wo man die traditionelle K\u00fcche Malaysias &#8230; <a title=\"Malaysia\" class=\"read-more\" href=\"https:\/\/www.genotrotter.de\/reiseblog\/malaysia\/\" aria-label=\"Mehr Informationen \u00fcber Malaysia\">Weiterlesen<\/a><\/p>\n","protected":false},"author":1,"featured_media":0,"parent":0,"menu_order":0,"comment_status":"closed","ping_status":"closed","template":"","meta":{"footnotes":""},"class_list":["post-10270","page","type-page","status-publish"],"_links":{"self":[{"href":"https:\/\/www.genotrotter.de\/reiseblog\/wp-json\/wp\/v2\/pages\/10270","targetHints":{"allow":["GET"]}}],"collection":[{"href":"https:\/\/www.genotrotter.de\/reiseblog\/wp-json\/wp\/v2\/pages"}],"about":[{"href":"https:\/\/www.genotrotter.de\/reiseblog\/wp-json\/wp\/v2\/types\/page"}],"author":[{"embeddable":true,"href":"https:\/\/www.genotrotter.de\/reiseblog\/wp-json\/wp\/v2\/users\/1"}],"replies":[{"embeddable":true,"href":"https:\/\/www.genotrotter.de\/reiseblog\/wp-json\/wp\/v2\/comments?post=10270"}],"version-history":[{"count":19,"href":"https:\/\/www.genotrotter.de\/reiseblog\/wp-json\/wp\/v2\/pages\/10270\/revisions"}],"predecessor-version":[{"id":10993,"href":"https:\/\/www.genotrotter.de\/reiseblog\/wp-json\/wp\/v2\/pages\/10270\/revisions\/10993"}],"wp:attachment":[{"href":"https:\/\/www.genotrotter.de\/reiseblog\/wp-json\/wp\/v2\/media?parent=10270"}],"curies":[{"name":"wp","href":"https:\/\/api.w.org\/{rel}","templated":true}]}}