{"id":11764,"date":"2024-05-03T10:17:26","date_gmt":"2024-05-03T10:17:26","guid":{"rendered":"https:\/\/www.genotrotter.de\/reiseblog\/?page_id=11764"},"modified":"2024-07-06T07:03:16","modified_gmt":"2024-07-06T07:03:16","slug":"kambodscha","status":"publish","type":"page","link":"https:\/\/www.genotrotter.de\/reiseblog\/kambodscha\/","title":{"rendered":"Kambodscha"},"content":{"rendered":"\t\t<div data-elementor-type=\"wp-page\" data-elementor-id=\"11764\" class=\"elementor elementor-11764\" data-elementor-post-type=\"page\">\n\t\t\t\t\t\t<section class=\"elementor-section elementor-top-section elementor-element elementor-element-d45bbd1 elementor-section-boxed elementor-section-height-default elementor-section-height-default\" data-id=\"d45bbd1\" data-element_type=\"section\" data-e-type=\"section\">\n\t\t\t\t\t\t<div class=\"elementor-container elementor-column-gap-default\">\n\t\t\t\t\t<div class=\"elementor-column elementor-col-100 elementor-top-column elementor-element elementor-element-89ff563\" data-id=\"89ff563\" data-element_type=\"column\" data-e-type=\"column\">\n\t\t\t<div class=\"elementor-widget-wrap elementor-element-populated\">\n\t\t\t\t\t\t<div class=\"elementor-element elementor-element-960686a elementor-widget elementor-widget-text-editor\" data-id=\"960686a\" data-element_type=\"widget\" data-e-type=\"widget\" data-widget_type=\"text-editor.default\">\n\t\t\t\t<div class=\"elementor-widget-container\">\n\t\t\t\t\t\t\t\t\t<p style=\"text-align: center;\">Kambodscha ein Land der Extreme. Wir nehmen aus unserer Zeit in diesem Land vor allem eines mit: Extrem hei\u00df! Okay, das lag wohl an der Wahl der Jahreszeit und daf\u00fcr kann Kambodscha nun wirklich nichts. Wir haben zwei Wochen in diesem Land verbracht und dabei auch andere Extreme kennengelernt. Das Land ist extrem kulturell und Angkor Wat nicht ohne Grund die ber\u00fchmteste und gr\u00f6\u00dfte Tempelanlage der Welt. Besonders die Menschen auf dem Land verfolgen einen stark buddhistischen Glauben, den wir ganz authentisch erleben durften.\u00a0<\/p><p style=\"text-align: center;\">Zwei Extreme sind besonders weit voneinander entfernt und doch so nah beieinander lebend. Extrem arm und extrem reich. W\u00e4hrend sich die Hauptstadt Phnom Penh im finanziellen Wachstum befindet, leiden andere Regionen noch immer unter den Folgen des Genozids aus den 70er Jahren. Nicht nur bei unserem Besuch auf den Killing Fields, sondern auch auf den D\u00f6rfern selbst, konnte man die Trauer der Menschen noch immer sp\u00fcren.\u00a0<\/p><p style=\"text-align: center;\">Unsere Zeit in Kambodscha war unglaublich spannend, interessant, aber auch sehr emotional. Ob wir eines Tages nochmal hier her zur\u00fcckkehren werden, bleibt wohl ungewiss.<\/p>\t\t\t\t\t\t\t\t<\/div>\n\t\t\t\t<\/div>\n\t\t\t\t\t<\/div>\n\t\t<\/div>\n\t\t\t\t\t<\/div>\n\t\t<\/section>\n\t\t\t\t<section class=\"elementor-section elementor-top-section elementor-element elementor-element-0208753 elementor-section-boxed elementor-section-height-default elementor-section-height-default\" data-id=\"0208753\" data-element_type=\"section\" data-e-type=\"section\">\n\t\t\t\t\t\t<div class=\"elementor-container elementor-column-gap-default\">\n\t\t\t\t\t<div class=\"elementor-column elementor-col-100 elementor-top-column elementor-element elementor-element-a50b4da\" data-id=\"a50b4da\" data-element_type=\"column\" data-e-type=\"column\">\n\t\t\t<div class=\"elementor-widget-wrap elementor-element-populated\">\n\t\t\t\t\t\t<div class=\"elementor-element elementor-element-3b1e3d1 stratum-swiper-direction-horizontal elementor-widget elementor-widget-stratum-advanced-slider\" data-id=\"3b1e3d1\" data-element_type=\"widget\" data-e-type=\"widget\" data-settings=\"{&quot;navigation&quot;:&quot;none&quot;,&quot;columns_count&quot;:&quot;1&quot;,&quot;columns_count_tablet&quot;:&quot;1&quot;,&quot;columns_count_mobile&quot;:&quot;1&quot;,&quot;slides_in_columns&quot;:&quot;1&quot;,&quot;slides_in_columns_tablet&quot;:&quot;1&quot;,&quot;slides_in_columns_mobile&quot;:&quot;1&quot;,&quot;slides_to_scroll&quot;:&quot;1&quot;,&quot;slides_to_scroll_tablet&quot;:&quot;1&quot;,&quot;slides_to_scroll_mobile&quot;:&quot;1&quot;,&quot;slider_direction&quot;:&quot;horizontal&quot;,&quot;slide_effects&quot;:&quot;slide&quot;,&quot;animation_speed&quot;:300}\" data-widget_type=\"stratum-advanced-slider.default\">\n\t\t\t\t<div class=\"elementor-widget-container\">\n\t\t\t\t\t<div class=\"stratum-advanced-slider\" data-slider-options=\"{&quot;slidesPerView&quot;:1,&quot;slidesPerColumn&quot;:1,&quot;slidesPerColumnFill&quot;:&quot;row&quot;,&quot;slidesPerGroup&quot;:1,&quot;direction&quot;:&quot;horizontal&quot;,&quot;autoHeight&quot;:false,&quot;keyboard&quot;:false,&quot;mousewheel&quot;:false,&quot;centeredSlides&quot;:false,&quot;spaceBetween&quot;:0,&quot;freeMode&quot;:false,&quot;effect&quot;:&quot;slide&quot;,&quot;autoplay&quot;:false,&quot;autoplayPause&quot;:false,&quot;loop&quot;:false,&quot;speed&quot;:300,&quot;allowTouchMove&quot;:false,&quot;textAnimationDelay&quot;:500,&quot;coverflow_visible&quot;:false,&quot;responsive&quot;:{&quot;slidesPerView_tablet&quot;:1,&quot;slidesPerView_mobile&quot;:1,&quot;slidesPerColumn_tablet&quot;:1,&quot;slidesPerColumn_mobile&quot;:1,&quot;slidesPerGroup_tablet&quot;:1,&quot;slidesPerGroup_mobile&quot;:1,&quot;spaceBetween_tablet&quot;:0,&quot;spaceBetween_mobile&quot;:0}}\">\n\t<div class=\"swiper swiper-container\">\n\t\t<div class=\"swiper-wrapper\">\n\t\t\t\t\t\t\t<div class=\"swiper-slide elementor-repeater-item-9f29c3c\">\n\t\t\t\t\t<div class=\"stratum-advanced-slider__image\" style=\"background-image: url('https:\/\/www.genotrotter.de\/reiseblog\/wp-content\/uploads\/2024\/04\/IMG_0445-scaled.jpg'); \"><\/div>\n\t\t\t\t\t<div class=\"stratum-advanced-slider__slide-content\">\n\t\t\t\t\t\t<div class=\"stratum-advanced-slider__slide-wrapper\">\n\t\t\t\t\t\t\t<div class=\"stratum-advanced-slider__slide-container\">\n\t\t\t\t\t\t\t\t\t\t\t\t\t\t\t<h3 class=\"stratum-advanced-slider__title\">\n\t\t\t\t\t\t\t\t\tSiem Reap\t\t\t\t\t\t\t\t<\/h3>\n\t\t\t\t\t\t\t\t\t\t\t\t\t\t\t<div class=\"stratum-advanced-slider__button\">\n\t\t\t\t\t\t\t\t\t<a href=\"https:\/\/www.genotrotter.de\/reiseblog\/siem-reap\/\" target=\"_blank\"  >Hier Klicken<\/a>\n\t\t\t\t\t\t\t\t<\/div>\n\t\t\t\t\t\t\t\t\t\t\t\t\t\t<\/div>\n\t\t\t\t\t\t<\/div>\n\t\t\t\t\t<\/div>\n\t\t\t\t\t<div class=\"stratum-advanced-slider__overlay\"><\/div>\n\t\t\t\t<\/div>\n\t\t\t\t\t<\/div>\n\t\t\t<\/div>\n\n\t<\/div>\n\t\t\t\t<\/div>\n\t\t\t\t<\/div>\n\t\t\t\t\t<\/div>\n\t\t<\/div>\n\t\t\t\t\t<\/div>\n\t\t<\/section>\n\t\t\t\t<section class=\"elementor-section elementor-top-section elementor-element elementor-element-414eba3 elementor-section-boxed elementor-section-height-default elementor-section-height-default\" data-id=\"414eba3\" data-element_type=\"section\" data-e-type=\"section\">\n\t\t\t\t\t\t<div class=\"elementor-container elementor-column-gap-default\">\n\t\t\t\t\t<div class=\"elementor-column elementor-col-100 elementor-top-column elementor-element elementor-element-255c781\" data-id=\"255c781\" data-element_type=\"column\" data-e-type=\"column\">\n\t\t\t<div class=\"elementor-widget-wrap elementor-element-populated\">\n\t\t\t\t\t\t<div class=\"elementor-element elementor-element-a4a620e stratum-swiper-direction-horizontal elementor-widget elementor-widget-stratum-advanced-slider\" data-id=\"a4a620e\" data-element_type=\"widget\" data-e-type=\"widget\" data-settings=\"{&quot;navigation&quot;:&quot;none&quot;,&quot;columns_count&quot;:&quot;1&quot;,&quot;columns_count_tablet&quot;:&quot;1&quot;,&quot;columns_count_mobile&quot;:&quot;1&quot;,&quot;slides_in_columns&quot;:&quot;1&quot;,&quot;slides_in_columns_tablet&quot;:&quot;1&quot;,&quot;slides_in_columns_mobile&quot;:&quot;1&quot;,&quot;slides_to_scroll&quot;:&quot;1&quot;,&quot;slides_to_scroll_tablet&quot;:&quot;1&quot;,&quot;slides_to_scroll_mobile&quot;:&quot;1&quot;,&quot;slider_direction&quot;:&quot;horizontal&quot;,&quot;slide_effects&quot;:&quot;slide&quot;,&quot;animation_speed&quot;:300}\" data-widget_type=\"stratum-advanced-slider.default\">\n\t\t\t\t<div class=\"elementor-widget-container\">\n\t\t\t\t\t<div class=\"stratum-advanced-slider\" data-slider-options=\"{&quot;slidesPerView&quot;:1,&quot;slidesPerColumn&quot;:1,&quot;slidesPerColumnFill&quot;:&quot;row&quot;,&quot;slidesPerGroup&quot;:1,&quot;direction&quot;:&quot;horizontal&quot;,&quot;autoHeight&quot;:false,&quot;keyboard&quot;:false,&quot;mousewheel&quot;:false,&quot;centeredSlides&quot;:false,&quot;spaceBetween&quot;:0,&quot;freeMode&quot;:false,&quot;effect&quot;:&quot;slide&quot;,&quot;autoplay&quot;:false,&quot;autoplayPause&quot;:false,&quot;loop&quot;:false,&quot;speed&quot;:300,&quot;allowTouchMove&quot;:false,&quot;textAnimationDelay&quot;:500,&quot;coverflow_visible&quot;:false,&quot;responsive&quot;:{&quot;slidesPerView_tablet&quot;:1,&quot;slidesPerView_mobile&quot;:1,&quot;slidesPerColumn_tablet&quot;:1,&quot;slidesPerColumn_mobile&quot;:1,&quot;slidesPerGroup_tablet&quot;:1,&quot;slidesPerGroup_mobile&quot;:1,&quot;spaceBetween_tablet&quot;:0,&quot;spaceBetween_mobile&quot;:0}}\">\n\t<div class=\"swiper swiper-container\">\n\t\t<div class=\"swiper-wrapper\">\n\t\t\t\t\t\t\t<div class=\"swiper-slide elementor-repeater-item-75db455\">\n\t\t\t\t\t<div class=\"stratum-advanced-slider__image\" style=\"background-image: url('https:\/\/www.genotrotter.de\/reiseblog\/wp-content\/uploads\/2024\/05\/IMG_0543-scaled.jpg'); \"><\/div>\n\t\t\t\t\t<div class=\"stratum-advanced-slider__slide-content\">\n\t\t\t\t\t\t<div class=\"stratum-advanced-slider__slide-wrapper\">\n\t\t\t\t\t\t\t<div class=\"stratum-advanced-slider__slide-container\">\n\t\t\t\t\t\t\t\t\t\t\t\t\t\t\t<h3 class=\"stratum-advanced-slider__title\">\n\t\t\t\t\t\t\t\t\tPhnom Penh\t\t\t\t\t\t\t\t<\/h3>\n\t\t\t\t\t\t\t\t\t\t\t\t\t\t\t<div class=\"stratum-advanced-slider__button\">\n\t\t\t\t\t\t\t\t\t<a href=\"https:\/\/www.genotrotter.de\/reiseblog\/die-taten-der-roten-khmer\/\" target=\"_blank\"  >Hier Klicken<\/a>\n\t\t\t\t\t\t\t\t<\/div>\n\t\t\t\t\t\t\t\t\t\t\t\t\t\t<\/div>\n\t\t\t\t\t\t<\/div>\n\t\t\t\t\t<\/div>\n\t\t\t\t\t<div class=\"stratum-advanced-slider__overlay\"><\/div>\n\t\t\t\t<\/div>\n\t\t\t\t\t<\/div>\n\t\t\t<\/div>\n\n\t<\/div>\n\t\t\t\t<\/div>\n\t\t\t\t<\/div>\n\t\t\t\t\t<\/div>\n\t\t<\/div>\n\t\t\t\t\t<\/div>\n\t\t<\/section>\n\t\t\t\t<\/div>\n\t\t","protected":false},"excerpt":{"rendered":"<p>Kambodscha ein Land der Extreme. Wir nehmen aus unserer Zeit in diesem Land vor allem eines mit: Extrem hei\u00df! Okay, das lag wohl an der Wahl der Jahreszeit und daf\u00fcr kann Kambodscha nun wirklich nichts. Wir haben zwei Wochen in diesem Land verbracht und dabei auch andere Extreme kennengelernt. Das Land ist extrem kulturell und &#8230; <a title=\"Kambodscha\" class=\"read-more\" href=\"https:\/\/www.genotrotter.de\/reiseblog\/kambodscha\/\" aria-label=\"Mehr Informationen \u00fcber Kambodscha\">Weiterlesen<\/a><\/p>\n","protected":false},"author":1,"featured_media":0,"parent":0,"menu_order":0,"comment_status":"closed","ping_status":"closed","template":"","meta":{"footnotes":""},"class_list":["post-11764","page","type-page","status-publish"],"_links":{"self":[{"href":"https:\/\/www.genotrotter.de\/reiseblog\/wp-json\/wp\/v2\/pages\/11764","targetHints":{"allow":["GET"]}}],"collection":[{"href":"https:\/\/www.genotrotter.de\/reiseblog\/wp-json\/wp\/v2\/pages"}],"about":[{"href":"https:\/\/www.genotrotter.de\/reiseblog\/wp-json\/wp\/v2\/types\/page"}],"author":[{"embeddable":true,"href":"https:\/\/www.genotrotter.de\/reiseblog\/wp-json\/wp\/v2\/users\/1"}],"replies":[{"embeddable":true,"href":"https:\/\/www.genotrotter.de\/reiseblog\/wp-json\/wp\/v2\/comments?post=11764"}],"version-history":[{"count":22,"href":"https:\/\/www.genotrotter.de\/reiseblog\/wp-json\/wp\/v2\/pages\/11764\/revisions"}],"predecessor-version":[{"id":13479,"href":"https:\/\/www.genotrotter.de\/reiseblog\/wp-json\/wp\/v2\/pages\/11764\/revisions\/13479"}],"wp:attachment":[{"href":"https:\/\/www.genotrotter.de\/reiseblog\/wp-json\/wp\/v2\/media?parent=11764"}],"curies":[{"name":"wp","href":"https:\/\/api.w.org\/{rel}","templated":true}]}}