{"id":1865,"date":"2023-02-19T12:56:02","date_gmt":"2023-02-19T12:56:02","guid":{"rendered":"https:\/\/www.genotrotter.de\/reiseblog\/?page_id=1865"},"modified":"2024-01-09T05:40:05","modified_gmt":"2024-01-09T05:40:05","slug":"ueber-uns","status":"publish","type":"page","link":"https:\/\/www.genotrotter.de\/reiseblog\/ueber-uns\/","title":{"rendered":"\u00dcber uns"},"content":{"rendered":"\t\t<div data-elementor-type=\"wp-page\" data-elementor-id=\"1865\" class=\"elementor elementor-1865\" data-elementor-post-type=\"page\">\n\t\t\t\t\t\t<section class=\"elementor-section elementor-top-section elementor-element elementor-element-cbe211d elementor-section-boxed elementor-section-height-default elementor-section-height-default\" data-id=\"cbe211d\" data-element_type=\"section\" data-e-type=\"section\">\n\t\t\t\t\t\t<div class=\"elementor-container elementor-column-gap-default\">\n\t\t\t\t\t<div class=\"elementor-column elementor-col-100 elementor-top-column elementor-element elementor-element-6d30307\" data-id=\"6d30307\" data-element_type=\"column\" data-e-type=\"column\">\n\t\t\t<div class=\"elementor-widget-wrap elementor-element-populated\">\n\t\t\t\t\t\t<div class=\"elementor-element elementor-element-0ab4f79 elementor-widget elementor-widget-heading\" data-id=\"0ab4f79\" data-element_type=\"widget\" data-e-type=\"widget\" data-widget_type=\"heading.default\">\n\t\t\t\t<div class=\"elementor-widget-container\">\n\t\t\t\t\t<h2 class=\"elementor-heading-title elementor-size-large\">Zwei Backpacker &amp; ein Lebenstraum <\/h2>\t\t\t\t<\/div>\n\t\t\t\t<\/div>\n\t\t\t\t\t<\/div>\n\t\t<\/div>\n\t\t\t\t\t<\/div>\n\t\t<\/section>\n\t\t\t\t<section class=\"elementor-section elementor-top-section elementor-element elementor-element-77367c4 elementor-section-boxed elementor-section-height-default elementor-section-height-default\" data-id=\"77367c4\" data-element_type=\"section\" data-e-type=\"section\">\n\t\t\t\t\t\t<div class=\"elementor-container elementor-column-gap-default\">\n\t\t\t\t\t<div class=\"elementor-column elementor-col-50 elementor-top-column elementor-element elementor-element-c9cb370\" data-id=\"c9cb370\" data-element_type=\"column\" data-e-type=\"column\">\n\t\t\t<div class=\"elementor-widget-wrap elementor-element-populated\">\n\t\t\t\t\t\t<div class=\"elementor-element elementor-element-fd9967c elementor-widget elementor-widget-text-editor\" data-id=\"fd9967c\" data-element_type=\"widget\" data-e-type=\"widget\" data-widget_type=\"text-editor.default\">\n\t\t\t\t<div class=\"elementor-widget-container\">\n\t\t\t\t\t\t\t\t\t<p>Das sind wir&#8230; Bruno &amp; Gena. Realist und Freigeist. Wanderlustig, naturverbunden und bereit f\u00fcr neue Abenteuer! Am liebsten sind wir unterwegs. Unterwegs auf dieser Welt.<\/p><p>In den letzten neun Jahren haben wir gemeinsam Europa bereist und unseren Lebenstraum immer klarer definiert. Wir wollen die ganze Welt erkunden!\u00a0<\/p><p>Was lange Zeit ein Traum war, wurde in den vergangenen Monaten zur detaillierten Planung. Und nun geht es los &#8211; am 08.03.2023 ging unser one-way-Flug \u00fcber den Atlantik. Hinaus in die Welt. Hinein ins Ungewisse, in unser wohl gr\u00f6\u00dftes Abenteuer!\u00a0<\/p><p>Wir sind bereits unseren Lebenstraum zu leben. Nicht irgendwann, sondern genau jetzt.\u00a0<\/p><p>Wollt ihr uns begleiten? Dann seid ihr hier herzlich eingeladen unsere Reise mitzuverfolgen.\u00a0<\/p><p>Viel Spa\u00df beim Lesen!<\/p>\t\t\t\t\t\t\t\t<\/div>\n\t\t\t\t<\/div>\n\t\t\t\t\t<\/div>\n\t\t<\/div>\n\t\t\t\t<div class=\"elementor-column elementor-col-50 elementor-top-column elementor-element elementor-element-efe04d1\" data-id=\"efe04d1\" data-element_type=\"column\" data-e-type=\"column\">\n\t\t\t<div class=\"elementor-widget-wrap elementor-element-populated\">\n\t\t\t\t\t\t<div class=\"elementor-element elementor-element-711ffdb elementor-widget elementor-widget-image\" data-id=\"711ffdb\" data-element_type=\"widget\" data-e-type=\"widget\" data-widget_type=\"image.default\">\n\t\t\t\t<div class=\"elementor-widget-container\">\n\t\t\t\t\t\t\t\t\t\t\t\t\t\t\t<img fetchpriority=\"high\" decoding=\"async\" width=\"768\" height=\"938\" src=\"https:\/\/www.genotrotter.de\/reiseblog\/wp-content\/uploads\/2023\/02\/Objekt-2-768x938.png\" class=\"attachment-medium_large size-medium_large wp-image-1792\" alt=\"\" srcset=\"https:\/\/www.genotrotter.de\/reiseblog\/wp-content\/uploads\/2023\/02\/Objekt-2-768x938.png 768w, https:\/\/www.genotrotter.de\/reiseblog\/wp-content\/uploads\/2023\/02\/Objekt-2-246x300.png 246w, https:\/\/www.genotrotter.de\/reiseblog\/wp-content\/uploads\/2023\/02\/Objekt-2-838x1024.png 838w, https:\/\/www.genotrotter.de\/reiseblog\/wp-content\/uploads\/2023\/02\/Objekt-2.png 1038w\" sizes=\"(max-width: 768px) 100vw, 768px\" \/>\t\t\t\t\t\t\t\t\t\t\t\t\t\t\t<\/div>\n\t\t\t\t<\/div>\n\t\t\t\t\t<\/div>\n\t\t<\/div>\n\t\t\t\t\t<\/div>\n\t\t<\/section>\n\t\t\t\t<\/div>\n\t\t","protected":false},"excerpt":{"rendered":"<p>Zwei Backpacker &#038; ein Lebenstraum Das sind wir&#8230; Bruno &amp; Gena. Realist und Freigeist. Wanderlustig, naturverbunden und bereit f\u00fcr neue Abenteuer! Am liebsten sind wir unterwegs. Unterwegs auf dieser Welt. In den letzten neun Jahren haben wir gemeinsam Europa bereist und unseren Lebenstraum immer klarer definiert. Wir wollen die ganze Welt erkunden!\u00a0 Was lange Zeit &#8230; <a title=\"\u00dcber uns\" class=\"read-more\" href=\"https:\/\/www.genotrotter.de\/reiseblog\/ueber-uns\/\" aria-label=\"Mehr Informationen \u00fcber \u00dcber uns\">Weiterlesen<\/a><\/p>\n","protected":false},"author":1,"featured_media":0,"parent":0,"menu_order":0,"comment_status":"closed","ping_status":"closed","template":"","meta":{"footnotes":""},"class_list":["post-1865","page","type-page","status-publish"],"_links":{"self":[{"href":"https:\/\/www.genotrotter.de\/reiseblog\/wp-json\/wp\/v2\/pages\/1865","targetHints":{"allow":["GET"]}}],"collection":[{"href":"https:\/\/www.genotrotter.de\/reiseblog\/wp-json\/wp\/v2\/pages"}],"about":[{"href":"https:\/\/www.genotrotter.de\/reiseblog\/wp-json\/wp\/v2\/types\/page"}],"author":[{"embeddable":true,"href":"https:\/\/www.genotrotter.de\/reiseblog\/wp-json\/wp\/v2\/users\/1"}],"replies":[{"embeddable":true,"href":"https:\/\/www.genotrotter.de\/reiseblog\/wp-json\/wp\/v2\/comments?post=1865"}],"version-history":[{"count":4,"href":"https:\/\/www.genotrotter.de\/reiseblog\/wp-json\/wp\/v2\/pages\/1865\/revisions"}],"predecessor-version":[{"id":8541,"href":"https:\/\/www.genotrotter.de\/reiseblog\/wp-json\/wp\/v2\/pages\/1865\/revisions\/8541"}],"wp:attachment":[{"href":"https:\/\/www.genotrotter.de\/reiseblog\/wp-json\/wp\/v2\/media?parent=1865"}],"curies":[{"name":"wp","href":"https:\/\/api.w.org\/{rel}","templated":true}]}}