{"id":6060,"date":"2023-11-01T22:50:48","date_gmt":"2023-11-01T22:50:48","guid":{"rendered":"https:\/\/www.genotrotter.de\/reiseblog\/?page_id=6060"},"modified":"2025-12-11T16:07:59","modified_gmt":"2025-12-11T16:07:59","slug":"ontario","status":"publish","type":"page","link":"https:\/\/www.genotrotter.de\/reiseblog\/ontario\/","title":{"rendered":"Ontario"},"content":{"rendered":"\t\t<div data-elementor-type=\"wp-page\" data-elementor-id=\"6060\" class=\"elementor elementor-6060\" data-elementor-post-type=\"page\">\n\t\t\t\t\t\t<section class=\"elementor-section elementor-top-section elementor-element elementor-element-47d9dea elementor-section-boxed elementor-section-height-default elementor-section-height-default\" data-id=\"47d9dea\" data-element_type=\"section\" data-e-type=\"section\">\n\t\t\t\t\t\t<div class=\"elementor-container elementor-column-gap-default\">\n\t\t\t\t\t<div class=\"elementor-column elementor-col-100 elementor-top-column elementor-element elementor-element-03a4b02\" data-id=\"03a4b02\" data-element_type=\"column\" data-e-type=\"column\">\n\t\t\t<div class=\"elementor-widget-wrap elementor-element-populated\">\n\t\t\t\t\t\t<div class=\"elementor-element elementor-element-92b478d elementor--h-position-center elementor--v-position-middle elementor-arrows-position-inside elementor-pagination-position-inside elementor-widget elementor-widget-slides\" data-id=\"92b478d\" data-element_type=\"widget\" data-e-type=\"widget\" data-settings=\"{&quot;navigation&quot;:&quot;both&quot;,&quot;autoplay&quot;:&quot;yes&quot;,&quot;pause_on_hover&quot;:&quot;yes&quot;,&quot;pause_on_interaction&quot;:&quot;yes&quot;,&quot;autoplay_speed&quot;:5000,&quot;infinite&quot;:&quot;yes&quot;,&quot;transition&quot;:&quot;slide&quot;,&quot;transition_speed&quot;:500}\" data-widget_type=\"slides.default\">\n\t\t\t\t<div class=\"elementor-widget-container\">\n\t\t\t\t\t\t\t<div class=\"elementor-swiper\">\n\t\t\t<div class=\"elementor-slides-wrapper elementor-main-swiper swiper-container\" dir=\"ltr\" data-animation=\"\">\n\t\t\t\t<div class=\"swiper-wrapper elementor-slides\">\n\t\t\t\t\t\t\t\t\t\t<div class=\"elementor-repeater-item-f9bbcb4 swiper-slide\"><div class=\"swiper-slide-bg\" role=\"img\"><\/div><a class=\"swiper-slide-inner\" href=\"https:\/\/www.genotrotter.de\/reiseblog\/welcome-to-canada\/\"><div class=\"swiper-slide-contents\"><div class=\"elementor-slide-heading\">Welcome to Canada!<\/div><div  class=\"elementor-button elementor-slide-button elementor-size-sm\">Hier klicken<\/div><\/div><\/a><\/div><div class=\"elementor-repeater-item-16b89cd swiper-slide\"><div class=\"swiper-slide-bg\" role=\"img\"><\/div><a class=\"swiper-slide-inner\" href=\"https:\/\/www.genotrotter.de\/reiseblog\/ein-wochenende-am-see\/\"><div class=\"swiper-slide-contents\"><div class=\"elementor-slide-heading\">Ein Wochenende am See (Part 1)<\/div><div  class=\"elementor-button elementor-slide-button elementor-size-sm\">Hier klicken<\/div><\/div><\/a><\/div><div class=\"elementor-repeater-item-3832c4e swiper-slide\"><div class=\"swiper-slide-bg\" role=\"img\"><\/div><a class=\"swiper-slide-inner\" href=\"https:\/\/www.genotrotter.de\/reiseblog\/ein-wochenende-am-see-part-2\/\"><div class=\"swiper-slide-contents\"><div class=\"elementor-slide-heading\">Ein Wochenende am See (Part 2)<\/div><div  class=\"elementor-button elementor-slide-button elementor-size-sm\">Hier klicken<\/div><\/div><\/a><\/div><div class=\"elementor-repeater-item-1af395c swiper-slide\"><div class=\"swiper-slide-bg\" role=\"img\"><\/div><a class=\"swiper-slide-inner\" href=\"https:\/\/www.genotrotter.de\/reiseblog\/farmleben-bei-den-crumps\/\"><div class=\"swiper-slide-contents\"><div class=\"elementor-slide-heading\">Farmleben bei den Crump\u2018s<\/div><div  class=\"elementor-button elementor-slide-button elementor-size-sm\">Hier klicken<\/div><\/div><\/a><\/div><div class=\"elementor-repeater-item-1a6c140 swiper-slide\"><div class=\"swiper-slide-bg\" role=\"img\"><\/div><a class=\"swiper-slide-inner\" href=\"https:\/\/www.genotrotter.de\/reiseblog\/erster-stop-niagara-faelle\/\"><div class=\"swiper-slide-contents\"><div class=\"elementor-slide-heading\">Erster Stop: Niagara F\u00e4lle<\/div><div  class=\"elementor-button elementor-slide-button elementor-size-sm\">Hier klicken<\/div><\/div><\/a><\/div><div class=\"elementor-repeater-item-bc13114 swiper-slide\"><div class=\"swiper-slide-bg\" role=\"img\"><\/div><a class=\"swiper-slide-inner\" href=\"https:\/\/www.genotrotter.de\/reiseblog\/2-tage-roadtrip-schon-alles-vorbei\/\"><div class=\"swiper-slide-contents\"><div class=\"elementor-slide-heading\">2 Tage Roadtrip & schon alles vorbei?!<\/div><div  class=\"elementor-button elementor-slide-button elementor-size-sm\">Hier klicken<\/div><\/div><\/a><\/div><div class=\"elementor-repeater-item-4c775ce swiper-slide\"><div class=\"swiper-slide-bg\" role=\"img\"><\/div><a class=\"swiper-slide-inner\" href=\"https:\/\/www.genotrotter.de\/reiseblog\/zweiter-stop-toronto\/\"><div class=\"swiper-slide-contents\"><div class=\"elementor-slide-heading\">Zweiter Stop: Toronto<\/div><div  class=\"elementor-button elementor-slide-button elementor-size-sm\">Hier klicken<\/div><\/div><\/a><\/div><div class=\"elementor-repeater-item-cb92a26 swiper-slide\"><div class=\"swiper-slide-bg\" role=\"img\"><\/div><a class=\"swiper-slide-inner\" href=\"https:\/\/www.genotrotter.de\/reiseblog\/auf-der-groessten-suesswasserinsel-unserer-erde\/\"><div class=\"swiper-slide-contents\"><div class=\"elementor-slide-heading\">Auf der gr\u00f6\u00dften S\u00fc\u00dfwasserinsel unserer Erde<\/div><div  class=\"elementor-button elementor-slide-button elementor-size-sm\">Hier klicken<\/div><\/div><\/a><\/div><div class=\"elementor-repeater-item-f698524 swiper-slide\"><div class=\"swiper-slide-bg\" role=\"img\"><\/div><a class=\"swiper-slide-inner\" href=\"https:\/\/www.genotrotter.de\/reiseblog\/begegnungen\/\"><div class=\"swiper-slide-contents\"><div class=\"elementor-slide-heading\">Begegnungen<\/div><div  class=\"elementor-button elementor-slide-button elementor-size-sm\">Hier klicken<\/div><\/div><\/a><\/div><div class=\"elementor-repeater-item-14d6918 swiper-slide\"><div class=\"swiper-slide-bg\" role=\"img\"><\/div><a class=\"swiper-slide-inner\" href=\"https:\/\/www.genotrotter.de\/reiseblog\/mit-dem-zug-durch-den-canyon\/\"><div class=\"swiper-slide-contents\"><div class=\"elementor-slide-heading\">Mit dem Zug durch den Canyon<\/div><div  class=\"elementor-button elementor-slide-button elementor-size-sm\">Hier klicken<\/div><\/div><\/a><\/div><div class=\"elementor-repeater-item-1488d5c swiper-slide\"><div class=\"swiper-slide-bg\" role=\"img\"><\/div><a class=\"swiper-slide-inner\" href=\"https:\/\/www.genotrotter.de\/reiseblog\/ja-ja-ich-will\/\"><div class=\"swiper-slide-contents\"><div class=\"elementor-slide-heading\">Ja! Ja, ich will!<\/div><div  class=\"elementor-button elementor-slide-button elementor-size-sm\">Hier klicken<\/div><\/div><\/a><\/div><div class=\"elementor-repeater-item-f3a1312 swiper-slide\"><div class=\"swiper-slide-bg\" role=\"img\"><\/div><a class=\"swiper-slide-inner\" href=\"https:\/\/www.genotrotter.de\/reiseblog\/pukaskwa-national-park\/\"><div class=\"swiper-slide-contents\"><div class=\"elementor-slide-heading\">Pukaskwa National Park<\/div><div  class=\"elementor-button elementor-slide-button elementor-size-sm\">Hier klicken<\/div><\/div><\/a><\/div><div class=\"elementor-repeater-item-2ebf1da swiper-slide\"><div class=\"swiper-slide-bg\" role=\"img\"><\/div><a class=\"swiper-slide-inner\" href=\"https:\/\/www.genotrotter.de\/reiseblog\/unsere-fuesse-sind-sauer\/\"><div class=\"swiper-slide-contents\"><div class=\"elementor-slide-heading\">Was tun wir uns nur immer an?!<\/div><div  class=\"elementor-button elementor-slide-button elementor-size-sm\">Hier klicken<\/div><\/div><\/a><\/div>\t\t\t\t<\/div>\n\t\t\t\t\t\t\t\t\t\t\t\t\t\t\t<div class=\"swiper-pagination\"><\/div>\n\t\t\t\t\t\t\t\t\t\t\t\t\t\t\t\t<div class=\"elementor-swiper-button elementor-swiper-button-prev\" role=\"button\" tabindex=\"0\">\n\t\t\t\t\t\t\t<i aria-hidden=\"true\" class=\"eicon-chevron-left\"><\/i>\t\t\t\t\t\t\t<span class=\"elementor-screen-only\">Previous slide<\/span>\n\t\t\t\t\t\t<\/div>\n\t\t\t\t\t\t<div class=\"elementor-swiper-button elementor-swiper-button-next\" role=\"button\" tabindex=\"0\">\n\t\t\t\t\t\t\t<i aria-hidden=\"true\" class=\"eicon-chevron-right\"><\/i>\t\t\t\t\t\t\t<span class=\"elementor-screen-only\">Next slide<\/span>\n\t\t\t\t\t\t<\/div>\n\t\t\t\t\t\t\t\t\t\t\t\t<\/div>\n\t\t<\/div>\n\t\t\t\t\t\t<\/div>\n\t\t\t\t<\/div>\n\t\t\t\t\t<\/div>\n\t\t<\/div>\n\t\t\t\t\t<\/div>\n\t\t<\/section>\n\t\t\t\t<\/div>\n\t\t","protected":false},"excerpt":{"rendered":"<p>Welcome to Canada!Hier klickenEin Wochenende am See (Part 1)Hier klickenEin Wochenende am See (Part 2)Hier klickenFarmleben bei den Crump\u2018sHier klickenErster Stop: Niagara F\u00e4lleHier klicken2 Tage Roadtrip &#038; schon alles vorbei?!Hier klickenZweiter Stop: TorontoHier klickenAuf der gr\u00f6\u00dften S\u00fc\u00dfwasserinsel unserer ErdeHier klickenBegegnungenHier klickenMit dem Zug durch den CanyonHier klickenJa! Ja, ich will!Hier klickenPukaskwa National ParkHier klickenWas tun &#8230; <a title=\"Ontario\" class=\"read-more\" href=\"https:\/\/www.genotrotter.de\/reiseblog\/ontario\/\" aria-label=\"Mehr Informationen \u00fcber Ontario\">Weiterlesen<\/a><\/p>\n","protected":false},"author":1,"featured_media":0,"parent":0,"menu_order":0,"comment_status":"closed","ping_status":"closed","template":"","meta":{"footnotes":""},"class_list":["post-6060","page","type-page","status-publish"],"_links":{"self":[{"href":"https:\/\/www.genotrotter.de\/reiseblog\/wp-json\/wp\/v2\/pages\/6060","targetHints":{"allow":["GET"]}}],"collection":[{"href":"https:\/\/www.genotrotter.de\/reiseblog\/wp-json\/wp\/v2\/pages"}],"about":[{"href":"https:\/\/www.genotrotter.de\/reiseblog\/wp-json\/wp\/v2\/types\/page"}],"author":[{"embeddable":true,"href":"https:\/\/www.genotrotter.de\/reiseblog\/wp-json\/wp\/v2\/users\/1"}],"replies":[{"embeddable":true,"href":"https:\/\/www.genotrotter.de\/reiseblog\/wp-json\/wp\/v2\/comments?post=6060"}],"version-history":[{"count":98,"href":"https:\/\/www.genotrotter.de\/reiseblog\/wp-json\/wp\/v2\/pages\/6060\/revisions"}],"predecessor-version":[{"id":15556,"href":"https:\/\/www.genotrotter.de\/reiseblog\/wp-json\/wp\/v2\/pages\/6060\/revisions\/15556"}],"wp:attachment":[{"href":"https:\/\/www.genotrotter.de\/reiseblog\/wp-json\/wp\/v2\/media?parent=6060"}],"curies":[{"name":"wp","href":"https:\/\/api.w.org\/{rel}","templated":true}]}}