{"id":6538,"date":"2023-11-03T17:13:04","date_gmt":"2023-11-03T17:13:04","guid":{"rendered":"https:\/\/www.genotrotter.de\/reiseblog\/?page_id=6538"},"modified":"2024-01-26T04:36:52","modified_gmt":"2024-01-26T04:36:52","slug":"panama","status":"publish","type":"page","link":"https:\/\/www.genotrotter.de\/reiseblog\/panama\/","title":{"rendered":"Panama"},"content":{"rendered":"\t\t<div data-elementor-type=\"wp-page\" data-elementor-id=\"6538\" class=\"elementor elementor-6538\" data-elementor-post-type=\"page\">\n\t\t\t\t\t\t<section class=\"elementor-section elementor-top-section elementor-element elementor-element-42a7442 elementor-section-boxed elementor-section-height-default elementor-section-height-default\" data-id=\"42a7442\" data-element_type=\"section\" data-e-type=\"section\">\n\t\t\t\t\t\t<div class=\"elementor-container elementor-column-gap-default\">\n\t\t\t\t\t<div class=\"elementor-column elementor-col-100 elementor-top-column elementor-element elementor-element-4fe34db\" data-id=\"4fe34db\" data-element_type=\"column\" data-e-type=\"column\">\n\t\t\t<div class=\"elementor-widget-wrap elementor-element-populated\">\n\t\t\t\t\t\t<div class=\"elementor-element elementor-element-dd9872a elementor-widget elementor-widget-text-editor\" data-id=\"dd9872a\" data-element_type=\"widget\" data-e-type=\"widget\" data-widget_type=\"text-editor.default\">\n\t\t\t\t<div class=\"elementor-widget-container\">\n\t\t\t\t\t\t\t\t\t<p>Oh Panama! Unser erstes Land in Zentralamerika hat uns definitiv nicht entt\u00e4uscht! Voller Begeisterung, wie der Panama-Kanal funktioniert, erkundeten wir auch Panama-Stadt und den Dschungel mitten in der Gro\u00dfstadt! Die Karibik war nicht weit weg, wir sp\u00fcrten bereits die warme, feuchte Luft! Wer mal so richtig Karibik-Luft schnuppern m\u00f6chte, ist in Bocas del Toro genau richtig! Die Inselgruppen versprechen alles, was man sich unter Karibik vorstellt&#8230; Leere, goldene Sandstr\u00e4nde, t\u00fcrkis blaues Wasser, Dschungel, Cocktails und Entspannung pur!\u00a0<\/p><p>Packt die Badehose ein, vergesst die Sonnencreme nicht und los geht&#8217;s!\u00a0<\/p>\t\t\t\t\t\t\t\t<\/div>\n\t\t\t\t<\/div>\n\t\t\t\t\t<\/div>\n\t\t<\/div>\n\t\t\t\t\t<\/div>\n\t\t<\/section>\n\t\t\t\t<section class=\"elementor-section elementor-top-section elementor-element elementor-element-54c389e elementor-section-boxed elementor-section-height-default elementor-section-height-default\" data-id=\"54c389e\" data-element_type=\"section\" data-e-type=\"section\">\n\t\t\t\t\t\t<div class=\"elementor-container elementor-column-gap-default\">\n\t\t\t\t\t<div class=\"elementor-column elementor-col-100 elementor-top-column elementor-element elementor-element-57c24ae\" data-id=\"57c24ae\" data-element_type=\"column\" data-e-type=\"column\">\n\t\t\t<div class=\"elementor-widget-wrap elementor-element-populated\">\n\t\t\t\t\t\t<div class=\"elementor-element elementor-element-37125b3 elementor--h-position-center elementor--v-position-middle elementor-arrows-position-inside elementor-pagination-position-inside elementor-widget elementor-widget-slides\" data-id=\"37125b3\" data-element_type=\"widget\" data-e-type=\"widget\" data-settings=\"{&quot;navigation&quot;:&quot;both&quot;,&quot;autoplay&quot;:&quot;yes&quot;,&quot;pause_on_hover&quot;:&quot;yes&quot;,&quot;pause_on_interaction&quot;:&quot;yes&quot;,&quot;autoplay_speed&quot;:5000,&quot;infinite&quot;:&quot;yes&quot;,&quot;transition&quot;:&quot;slide&quot;,&quot;transition_speed&quot;:500}\" data-widget_type=\"slides.default\">\n\t\t\t\t<div class=\"elementor-widget-container\">\n\t\t\t\t\t\t\t<div class=\"elementor-swiper\">\n\t\t\t<div class=\"elementor-slides-wrapper elementor-main-swiper swiper-container\" dir=\"ltr\" data-animation=\"fadeInUp\">\n\t\t\t\t<div class=\"swiper-wrapper elementor-slides\">\n\t\t\t\t\t\t\t\t\t\t<div class=\"elementor-repeater-item-59e1b7b swiper-slide\"><div class=\"swiper-slide-bg\" role=\"img\"><\/div><a class=\"swiper-slide-inner\" href=\"https:\/\/www.genotrotter.de\/reiseblog\/am-fusse-des-panamakanals\/\"><div class=\"swiper-slide-contents\"><div class=\"elementor-slide-heading\">Panama-Stadt & Panama-Kanal<\/div><div  class=\"elementor-button elementor-slide-button elementor-size-sm\">Hier klicken<\/div><\/div><\/a><\/div>\t\t\t\t<\/div>\n\t\t\t\t\t\t\t<\/div>\n\t\t<\/div>\n\t\t\t\t\t\t<\/div>\n\t\t\t\t<\/div>\n\t\t\t\t\t<\/div>\n\t\t<\/div>\n\t\t\t\t\t<\/div>\n\t\t<\/section>\n\t\t\t\t<section class=\"elementor-section elementor-top-section elementor-element elementor-element-1568340 elementor-section-boxed elementor-section-height-default elementor-section-height-default\" data-id=\"1568340\" data-element_type=\"section\" data-e-type=\"section\">\n\t\t\t\t\t\t<div class=\"elementor-container elementor-column-gap-default\">\n\t\t\t\t\t<div class=\"elementor-column elementor-col-100 elementor-top-column elementor-element elementor-element-91ecb33\" data-id=\"91ecb33\" data-element_type=\"column\" data-e-type=\"column\">\n\t\t\t<div class=\"elementor-widget-wrap elementor-element-populated\">\n\t\t\t\t\t\t<div class=\"elementor-element elementor-element-a70067d elementor--h-position-center elementor--v-position-middle elementor-arrows-position-inside elementor-pagination-position-inside elementor-widget elementor-widget-slides\" data-id=\"a70067d\" data-element_type=\"widget\" data-e-type=\"widget\" data-settings=\"{&quot;navigation&quot;:&quot;both&quot;,&quot;autoplay&quot;:&quot;yes&quot;,&quot;pause_on_hover&quot;:&quot;yes&quot;,&quot;pause_on_interaction&quot;:&quot;yes&quot;,&quot;autoplay_speed&quot;:5000,&quot;infinite&quot;:&quot;yes&quot;,&quot;transition&quot;:&quot;slide&quot;,&quot;transition_speed&quot;:500}\" data-widget_type=\"slides.default\">\n\t\t\t\t<div class=\"elementor-widget-container\">\n\t\t\t\t\t\t\t<div class=\"elementor-swiper\">\n\t\t\t<div class=\"elementor-slides-wrapper elementor-main-swiper swiper-container\" dir=\"ltr\" data-animation=\"fadeInUp\">\n\t\t\t\t<div class=\"swiper-wrapper elementor-slides\">\n\t\t\t\t\t\t\t\t\t\t<div class=\"elementor-repeater-item-9dd2c90 swiper-slide\"><div class=\"swiper-slide-bg\" role=\"img\"><\/div><a class=\"swiper-slide-inner\" href=\"https:\/\/www.genotrotter.de\/reiseblog\/bocas-del-toro\/\"><div class=\"swiper-slide-contents\"><div class=\"elementor-slide-heading\">Bocas del Toro<\/div><div  class=\"elementor-button elementor-slide-button elementor-size-sm\">Hier klicken<\/div><\/div><\/a><\/div>\t\t\t\t<\/div>\n\t\t\t\t\t\t\t<\/div>\n\t\t<\/div>\n\t\t\t\t\t\t<\/div>\n\t\t\t\t<\/div>\n\t\t\t\t\t<\/div>\n\t\t<\/div>\n\t\t\t\t\t<\/div>\n\t\t<\/section>\n\t\t\t\t<\/div>\n\t\t","protected":false},"excerpt":{"rendered":"<p>Oh Panama! Unser erstes Land in Zentralamerika hat uns definitiv nicht entt\u00e4uscht! Voller Begeisterung, wie der Panama-Kanal funktioniert, erkundeten wir auch Panama-Stadt und den Dschungel mitten in der Gro\u00dfstadt! Die Karibik war nicht weit weg, wir sp\u00fcrten bereits die warme, feuchte Luft! Wer mal so richtig Karibik-Luft schnuppern m\u00f6chte, ist in Bocas del Toro genau &#8230; <a title=\"Panama\" class=\"read-more\" href=\"https:\/\/www.genotrotter.de\/reiseblog\/panama\/\" aria-label=\"Mehr Informationen \u00fcber Panama\">Weiterlesen<\/a><\/p>\n","protected":false},"author":1,"featured_media":0,"parent":0,"menu_order":0,"comment_status":"closed","ping_status":"closed","template":"","meta":{"footnotes":""},"class_list":["post-6538","page","type-page","status-publish"],"_links":{"self":[{"href":"https:\/\/www.genotrotter.de\/reiseblog\/wp-json\/wp\/v2\/pages\/6538","targetHints":{"allow":["GET"]}}],"collection":[{"href":"https:\/\/www.genotrotter.de\/reiseblog\/wp-json\/wp\/v2\/pages"}],"about":[{"href":"https:\/\/www.genotrotter.de\/reiseblog\/wp-json\/wp\/v2\/types\/page"}],"author":[{"embeddable":true,"href":"https:\/\/www.genotrotter.de\/reiseblog\/wp-json\/wp\/v2\/users\/1"}],"replies":[{"embeddable":true,"href":"https:\/\/www.genotrotter.de\/reiseblog\/wp-json\/wp\/v2\/comments?post=6538"}],"version-history":[{"count":28,"href":"https:\/\/www.genotrotter.de\/reiseblog\/wp-json\/wp\/v2\/pages\/6538\/revisions"}],"predecessor-version":[{"id":9052,"href":"https:\/\/www.genotrotter.de\/reiseblog\/wp-json\/wp\/v2\/pages\/6538\/revisions\/9052"}],"wp:attachment":[{"href":"https:\/\/www.genotrotter.de\/reiseblog\/wp-json\/wp\/v2\/media?parent=6538"}],"curies":[{"name":"wp","href":"https:\/\/api.w.org\/{rel}","templated":true}]}}