{"id":6540,"date":"2023-11-03T17:13:19","date_gmt":"2023-11-03T17:13:19","guid":{"rendered":"https:\/\/www.genotrotter.de\/reiseblog\/?page_id=6540"},"modified":"2024-01-26T04:37:46","modified_gmt":"2024-01-26T04:37:46","slug":"costa-rica","status":"publish","type":"page","link":"https:\/\/www.genotrotter.de\/reiseblog\/costa-rica\/","title":{"rendered":"Costa Rica"},"content":{"rendered":"\t\t<div data-elementor-type=\"wp-page\" data-elementor-id=\"6540\" class=\"elementor elementor-6540\" data-elementor-post-type=\"page\">\n\t\t\t\t\t\t<section class=\"elementor-section elementor-top-section elementor-element elementor-element-fc23d96 elementor-section-boxed elementor-section-height-default elementor-section-height-default\" data-id=\"fc23d96\" data-element_type=\"section\" data-e-type=\"section\">\n\t\t\t\t\t\t<div class=\"elementor-container elementor-column-gap-default\">\n\t\t\t\t\t<div class=\"elementor-column elementor-col-100 elementor-top-column elementor-element elementor-element-c4c9a65\" data-id=\"c4c9a65\" data-element_type=\"column\" data-e-type=\"column\">\n\t\t\t<div class=\"elementor-widget-wrap elementor-element-populated\">\n\t\t\t\t\t\t<div class=\"elementor-element elementor-element-001a299 elementor-widget elementor-widget-text-editor\" data-id=\"001a299\" data-element_type=\"widget\" data-e-type=\"widget\" data-widget_type=\"text-editor.default\">\n\t\t\t\t<div class=\"elementor-widget-container\">\n\t\t\t\t\t\t\t\t\t<p>Costa Rica &#8211; das Urlaubsparadies der US-Amerikaner! Das wurde schnell deutlich, als wir f\u00fcr eine Packung Pasta im Supermarkt 6,50 US$ bezahlen sollten. Puh, wir geben es zu, Costa Rica war uns ein wenig zu teuer, um hier l\u00e4nger zu verweilen. Daher haben wir hier nur einen Zwischenstopp an der Ostk\u00fcste im S\u00fcden des Landes eingelegt. Hier ging es f\u00fcr uns durch den Cahuita-Nationalpark, wo wir bereits einen kleinen Einblick der Tiervielfalt des Landes erhaschen konnten.<\/p><p>Bereit f\u00fcr Waschb\u00e4ren, Affen und Krebse? Auf geht\u00b4s!<\/p>\t\t\t\t\t\t\t\t<\/div>\n\t\t\t\t<\/div>\n\t\t\t\t\t<\/div>\n\t\t<\/div>\n\t\t\t\t\t<\/div>\n\t\t<\/section>\n\t\t\t\t<section class=\"elementor-section elementor-top-section elementor-element elementor-element-7cb2ac0 elementor-section-boxed elementor-section-height-default elementor-section-height-default\" data-id=\"7cb2ac0\" data-element_type=\"section\" data-e-type=\"section\">\n\t\t\t\t\t\t<div class=\"elementor-container elementor-column-gap-default\">\n\t\t\t\t\t<div class=\"elementor-column elementor-col-100 elementor-top-column elementor-element elementor-element-799fefe\" data-id=\"799fefe\" data-element_type=\"column\" data-e-type=\"column\">\n\t\t\t<div class=\"elementor-widget-wrap elementor-element-populated\">\n\t\t\t\t\t\t<div class=\"elementor-element elementor-element-8ba7c62 elementor--h-position-center elementor--v-position-middle elementor-arrows-position-inside elementor-pagination-position-inside elementor-widget elementor-widget-slides\" data-id=\"8ba7c62\" data-element_type=\"widget\" data-e-type=\"widget\" data-settings=\"{&quot;navigation&quot;:&quot;both&quot;,&quot;autoplay&quot;:&quot;yes&quot;,&quot;pause_on_hover&quot;:&quot;yes&quot;,&quot;pause_on_interaction&quot;:&quot;yes&quot;,&quot;autoplay_speed&quot;:5000,&quot;infinite&quot;:&quot;yes&quot;,&quot;transition&quot;:&quot;slide&quot;,&quot;transition_speed&quot;:500}\" data-widget_type=\"slides.default\">\n\t\t\t\t<div class=\"elementor-widget-container\">\n\t\t\t\t\t\t\t<div class=\"elementor-swiper\">\n\t\t\t<div class=\"elementor-slides-wrapper elementor-main-swiper swiper-container\" dir=\"ltr\" data-animation=\"fadeInUp\">\n\t\t\t\t<div class=\"swiper-wrapper elementor-slides\">\n\t\t\t\t\t\t\t\t\t\t<div class=\"elementor-repeater-item-44450e9 swiper-slide\"><div class=\"swiper-slide-bg\" role=\"img\"><\/div><a class=\"swiper-slide-inner\" href=\"https:\/\/www.genotrotter.de\/reiseblog\/zwischenstopp-in-costa-rica\/\"><div class=\"swiper-slide-contents\"><div class=\"elementor-slide-heading\">S\u00fcd-Ostk\u00fcste<\/div><div  class=\"elementor-button elementor-slide-button elementor-size-sm\">Hier klicken<\/div><\/div><\/a><\/div>\t\t\t\t<\/div>\n\t\t\t\t\t\t\t<\/div>\n\t\t<\/div>\n\t\t\t\t\t\t<\/div>\n\t\t\t\t<\/div>\n\t\t\t\t\t<\/div>\n\t\t<\/div>\n\t\t\t\t\t<\/div>\n\t\t<\/section>\n\t\t\t\t<\/div>\n\t\t","protected":false},"excerpt":{"rendered":"<p>Costa Rica &#8211; das Urlaubsparadies der US-Amerikaner! Das wurde schnell deutlich, als wir f\u00fcr eine Packung Pasta im Supermarkt 6,50 US$ bezahlen sollten. Puh, wir geben es zu, Costa Rica war uns ein wenig zu teuer, um hier l\u00e4nger zu verweilen. Daher haben wir hier nur einen Zwischenstopp an der Ostk\u00fcste im S\u00fcden des Landes &#8230; <a title=\"Costa Rica\" class=\"read-more\" href=\"https:\/\/www.genotrotter.de\/reiseblog\/costa-rica\/\" aria-label=\"Mehr Informationen \u00fcber Costa Rica\">Weiterlesen<\/a><\/p>\n","protected":false},"author":1,"featured_media":0,"parent":0,"menu_order":0,"comment_status":"closed","ping_status":"closed","template":"","meta":{"footnotes":""},"class_list":["post-6540","page","type-page","status-publish"],"_links":{"self":[{"href":"https:\/\/www.genotrotter.de\/reiseblog\/wp-json\/wp\/v2\/pages\/6540","targetHints":{"allow":["GET"]}}],"collection":[{"href":"https:\/\/www.genotrotter.de\/reiseblog\/wp-json\/wp\/v2\/pages"}],"about":[{"href":"https:\/\/www.genotrotter.de\/reiseblog\/wp-json\/wp\/v2\/types\/page"}],"author":[{"embeddable":true,"href":"https:\/\/www.genotrotter.de\/reiseblog\/wp-json\/wp\/v2\/users\/1"}],"replies":[{"embeddable":true,"href":"https:\/\/www.genotrotter.de\/reiseblog\/wp-json\/wp\/v2\/comments?post=6540"}],"version-history":[{"count":19,"href":"https:\/\/www.genotrotter.de\/reiseblog\/wp-json\/wp\/v2\/pages\/6540\/revisions"}],"predecessor-version":[{"id":9055,"href":"https:\/\/www.genotrotter.de\/reiseblog\/wp-json\/wp\/v2\/pages\/6540\/revisions\/9055"}],"wp:attachment":[{"href":"https:\/\/www.genotrotter.de\/reiseblog\/wp-json\/wp\/v2\/media?parent=6540"}],"curies":[{"name":"wp","href":"https:\/\/api.w.org\/{rel}","templated":true}]}}