{"id":6542,"date":"2023-11-03T17:13:32","date_gmt":"2023-11-03T17:13:32","guid":{"rendered":"https:\/\/www.genotrotter.de\/reiseblog\/?page_id=6542"},"modified":"2024-01-26T04:44:49","modified_gmt":"2024-01-26T04:44:49","slug":"guatemala","status":"publish","type":"page","link":"https:\/\/www.genotrotter.de\/reiseblog\/guatemala\/","title":{"rendered":"Guatemala"},"content":{"rendered":"\t\t<div data-elementor-type=\"wp-page\" data-elementor-id=\"6542\" class=\"elementor elementor-6542\" data-elementor-post-type=\"page\">\n\t\t\t\t\t\t<section class=\"elementor-section elementor-top-section elementor-element elementor-element-8559661 elementor-section-boxed elementor-section-height-default elementor-section-height-default\" data-id=\"8559661\" data-element_type=\"section\" data-e-type=\"section\">\n\t\t\t\t\t\t<div class=\"elementor-container elementor-column-gap-default\">\n\t\t\t\t\t<div class=\"elementor-column elementor-col-100 elementor-top-column elementor-element elementor-element-58eac3e\" data-id=\"58eac3e\" data-element_type=\"column\" data-e-type=\"column\">\n\t\t\t<div class=\"elementor-widget-wrap elementor-element-populated\">\n\t\t\t\t\t\t<div class=\"elementor-element elementor-element-46dcf8b elementor-widget elementor-widget-text-editor\" data-id=\"46dcf8b\" data-element_type=\"widget\" data-e-type=\"widget\" data-widget_type=\"text-editor.default\">\n\t\t\t\t<div class=\"elementor-widget-container\">\n\t\t\t\t\t\t\t\t\t<p>\u00c4hnlich wie in Peru hat uns auch die guatemaltekische Kultur sehr fasziniert und noch heute schw\u00e4rmen wir \u00fcber die magische Stadt Antigua und die umliegende Natur. Unser Highlight in Guatemala war definitiv die Acatenango-Vulkan-Besteigung zu Bruno seinem Geburtstag. Ebenso den Ausritt am Atitlan See werden wir so schnell nicht vergessen!\u00a0<\/p><p>F\u00fchlt euch eingeladen und bereist mit uns die wundervollen Orte Guatemalas! Viel Spa\u00df beim Lesen\u2026\u00a0<\/p>\t\t\t\t\t\t\t\t<\/div>\n\t\t\t\t<\/div>\n\t\t\t\t\t<\/div>\n\t\t<\/div>\n\t\t\t\t\t<\/div>\n\t\t<\/section>\n\t\t\t\t<section class=\"elementor-section elementor-top-section elementor-element elementor-element-c03d22a elementor-section-boxed elementor-section-height-default elementor-section-height-default\" data-id=\"c03d22a\" data-element_type=\"section\" data-e-type=\"section\">\n\t\t\t\t\t\t<div class=\"elementor-container elementor-column-gap-default\">\n\t\t\t\t\t<div class=\"elementor-column elementor-col-100 elementor-top-column elementor-element elementor-element-e03b6da\" data-id=\"e03b6da\" data-element_type=\"column\" data-e-type=\"column\">\n\t\t\t<div class=\"elementor-widget-wrap elementor-element-populated\">\n\t\t\t\t\t\t<div class=\"elementor-element elementor-element-43e0d82 elementor--h-position-center elementor--v-position-middle elementor-arrows-position-inside elementor-pagination-position-inside elementor-widget elementor-widget-slides\" data-id=\"43e0d82\" data-element_type=\"widget\" data-e-type=\"widget\" data-settings=\"{&quot;navigation&quot;:&quot;both&quot;,&quot;autoplay&quot;:&quot;yes&quot;,&quot;pause_on_hover&quot;:&quot;yes&quot;,&quot;pause_on_interaction&quot;:&quot;yes&quot;,&quot;autoplay_speed&quot;:5000,&quot;infinite&quot;:&quot;yes&quot;,&quot;transition&quot;:&quot;slide&quot;,&quot;transition_speed&quot;:500}\" data-widget_type=\"slides.default\">\n\t\t\t\t<div class=\"elementor-widget-container\">\n\t\t\t\t\t\t\t<div class=\"elementor-swiper\">\n\t\t\t<div class=\"elementor-slides-wrapper elementor-main-swiper swiper-container\" dir=\"ltr\" data-animation=\"fadeInUp\">\n\t\t\t\t<div class=\"swiper-wrapper elementor-slides\">\n\t\t\t\t\t\t\t\t\t\t<div class=\"elementor-repeater-item-d5381e1 swiper-slide\"><div class=\"swiper-slide-bg\" role=\"img\"><\/div><a class=\"swiper-slide-inner\" href=\"https:\/\/www.genotrotter.de\/reiseblog\/antigua\/\"><div class=\"swiper-slide-contents\"><div class=\"elementor-slide-heading\">Antigua<\/div><div  class=\"elementor-button elementor-slide-button elementor-size-sm\">Hier klicken<\/div><\/div><\/a><\/div>\t\t\t\t<\/div>\n\t\t\t\t\t\t\t<\/div>\n\t\t<\/div>\n\t\t\t\t\t\t<\/div>\n\t\t\t\t<\/div>\n\t\t\t\t\t<\/div>\n\t\t<\/div>\n\t\t\t\t\t<\/div>\n\t\t<\/section>\n\t\t\t\t<section class=\"elementor-section elementor-top-section elementor-element elementor-element-d49ccfb elementor-section-boxed elementor-section-height-default elementor-section-height-default\" data-id=\"d49ccfb\" data-element_type=\"section\" data-e-type=\"section\">\n\t\t\t\t\t\t<div class=\"elementor-container elementor-column-gap-default\">\n\t\t\t\t\t<div class=\"elementor-column elementor-col-100 elementor-top-column elementor-element elementor-element-d1e59e1\" data-id=\"d1e59e1\" data-element_type=\"column\" data-e-type=\"column\">\n\t\t\t<div class=\"elementor-widget-wrap elementor-element-populated\">\n\t\t\t\t\t\t<div class=\"elementor-element elementor-element-7b77a8b elementor--h-position-center elementor--v-position-middle elementor-arrows-position-inside elementor-pagination-position-inside elementor-widget elementor-widget-slides\" data-id=\"7b77a8b\" data-element_type=\"widget\" data-e-type=\"widget\" data-settings=\"{&quot;navigation&quot;:&quot;both&quot;,&quot;autoplay&quot;:&quot;yes&quot;,&quot;pause_on_hover&quot;:&quot;yes&quot;,&quot;pause_on_interaction&quot;:&quot;yes&quot;,&quot;autoplay_speed&quot;:5000,&quot;infinite&quot;:&quot;yes&quot;,&quot;transition&quot;:&quot;slide&quot;,&quot;transition_speed&quot;:500}\" data-widget_type=\"slides.default\">\n\t\t\t\t<div class=\"elementor-widget-container\">\n\t\t\t\t\t\t\t<div class=\"elementor-swiper\">\n\t\t\t<div class=\"elementor-slides-wrapper elementor-main-swiper swiper-container\" dir=\"ltr\" data-animation=\"fadeInUp\">\n\t\t\t\t<div class=\"swiper-wrapper elementor-slides\">\n\t\t\t\t\t\t\t\t\t\t<div class=\"elementor-repeater-item-3962e45 swiper-slide\"><div class=\"swiper-slide-bg\" role=\"img\"><\/div><a class=\"swiper-slide-inner\" href=\"https:\/\/www.genotrotter.de\/reiseblog\/3710-2\/\"><div class=\"swiper-slide-contents\"><div class=\"elementor-slide-heading\">Lago de Atitl\u00e1n <\/div><div  class=\"elementor-button elementor-slide-button elementor-size-sm\">Hier klicken<\/div><\/div><\/a><\/div>\t\t\t\t<\/div>\n\t\t\t\t\t\t\t<\/div>\n\t\t<\/div>\n\t\t\t\t\t\t<\/div>\n\t\t\t\t<\/div>\n\t\t\t\t\t<\/div>\n\t\t<\/div>\n\t\t\t\t\t<\/div>\n\t\t<\/section>\n\t\t\t\t<\/div>\n\t\t","protected":false},"excerpt":{"rendered":"<p>\u00c4hnlich wie in Peru hat uns auch die guatemaltekische Kultur sehr fasziniert und noch heute schw\u00e4rmen wir \u00fcber die magische Stadt Antigua und die umliegende Natur. Unser Highlight in Guatemala war definitiv die Acatenango-Vulkan-Besteigung zu Bruno seinem Geburtstag. Ebenso den Ausritt am Atitlan See werden wir so schnell nicht vergessen!\u00a0 F\u00fchlt euch eingeladen und bereist &#8230; <a title=\"Guatemala\" class=\"read-more\" href=\"https:\/\/www.genotrotter.de\/reiseblog\/guatemala\/\" aria-label=\"Mehr Informationen \u00fcber Guatemala\">Weiterlesen<\/a><\/p>\n","protected":false},"author":1,"featured_media":0,"parent":0,"menu_order":0,"comment_status":"closed","ping_status":"closed","template":"","meta":{"footnotes":""},"class_list":["post-6542","page","type-page","status-publish"],"_links":{"self":[{"href":"https:\/\/www.genotrotter.de\/reiseblog\/wp-json\/wp\/v2\/pages\/6542","targetHints":{"allow":["GET"]}}],"collection":[{"href":"https:\/\/www.genotrotter.de\/reiseblog\/wp-json\/wp\/v2\/pages"}],"about":[{"href":"https:\/\/www.genotrotter.de\/reiseblog\/wp-json\/wp\/v2\/types\/page"}],"author":[{"embeddable":true,"href":"https:\/\/www.genotrotter.de\/reiseblog\/wp-json\/wp\/v2\/users\/1"}],"replies":[{"embeddable":true,"href":"https:\/\/www.genotrotter.de\/reiseblog\/wp-json\/wp\/v2\/comments?post=6542"}],"version-history":[{"count":31,"href":"https:\/\/www.genotrotter.de\/reiseblog\/wp-json\/wp\/v2\/pages\/6542\/revisions"}],"predecessor-version":[{"id":9064,"href":"https:\/\/www.genotrotter.de\/reiseblog\/wp-json\/wp\/v2\/pages\/6542\/revisions\/9064"}],"wp:attachment":[{"href":"https:\/\/www.genotrotter.de\/reiseblog\/wp-json\/wp\/v2\/media?parent=6542"}],"curies":[{"name":"wp","href":"https:\/\/api.w.org\/{rel}","templated":true}]}}