{"id":8823,"date":"2024-01-23T03:09:13","date_gmt":"2024-01-23T03:09:13","guid":{"rendered":"https:\/\/www.genotrotter.de\/reiseblog\/?page_id=8823"},"modified":"2024-01-30T07:55:14","modified_gmt":"2024-01-30T07:55:14","slug":"philippinen","status":"publish","type":"page","link":"https:\/\/www.genotrotter.de\/reiseblog\/philippinen\/","title":{"rendered":"Philippinen"},"content":{"rendered":"\t\t<div data-elementor-type=\"wp-page\" data-elementor-id=\"8823\" class=\"elementor elementor-8823\" data-elementor-post-type=\"page\">\n\t\t\t\t\t\t<section class=\"elementor-section elementor-top-section elementor-element elementor-element-96a0208 elementor-section-boxed elementor-section-height-default elementor-section-height-default\" data-id=\"96a0208\" data-element_type=\"section\" data-e-type=\"section\">\n\t\t\t\t\t\t<div class=\"elementor-container elementor-column-gap-default\">\n\t\t\t\t\t<div class=\"elementor-column elementor-col-100 elementor-top-column elementor-element elementor-element-76f31ca\" data-id=\"76f31ca\" data-element_type=\"column\" data-e-type=\"column\">\n\t\t\t<div class=\"elementor-widget-wrap elementor-element-populated\">\n\t\t\t\t\t\t<div class=\"elementor-element elementor-element-a7b1fea elementor-widget elementor-widget-text-editor\" data-id=\"a7b1fea\" data-element_type=\"widget\" data-e-type=\"widget\" data-widget_type=\"text-editor.default\">\n\t\t\t\t<div class=\"elementor-widget-container\">\n\t\t\t\t\t\t\t\t\t<p>Die Philippinen &#8211; ein weeeeit entferntes Reiseziel, welches seit unserem Aufenthalt in Tokio pl\u00f6tzlich gar nicht mehr so weit weg erschien. Obwohl das Land der \u00fcber 7.600 Inseln urspr\u00fcnglich nicht auf unserer Liste stand, waren wir dennoch offen f\u00fcr eine spontane Kurs\u00e4nderung. Also verbrachten wir knapp einen Monat auf drei verschiedenen Inseln. Besonders die unber\u00fchrte, saftig gr\u00fcne Natur, die vielen lauten Wasserf\u00e4lle und die voller Leichtigkeit strahlenden Menschen zeichnen das Land aus. Wir haben sowohl Land &amp; Leute, wie auch die artenreiche Vielfalt unter Wasser kennenlernen d\u00fcrfen.<\/p><p>Wechselt noch schnell ein paar Euro in philippinische Pesos und ab geht die wilde Rollerfahrt durchs Land!\u00a0<\/p>\t\t\t\t\t\t\t\t<\/div>\n\t\t\t\t<\/div>\n\t\t\t\t\t<\/div>\n\t\t<\/div>\n\t\t\t\t\t<\/div>\n\t\t<\/section>\n\t\t\t\t<section class=\"elementor-section elementor-top-section elementor-element elementor-element-742884b elementor-section-boxed elementor-section-height-default elementor-section-height-default\" data-id=\"742884b\" data-element_type=\"section\" data-e-type=\"section\">\n\t\t\t\t\t\t<div class=\"elementor-container elementor-column-gap-default\">\n\t\t\t\t\t<div class=\"elementor-column elementor-col-100 elementor-top-column elementor-element elementor-element-9b0f9b2\" data-id=\"9b0f9b2\" data-element_type=\"column\" data-e-type=\"column\">\n\t\t\t<div class=\"elementor-widget-wrap elementor-element-populated\">\n\t\t\t\t\t\t<div class=\"elementor-element elementor-element-6557ad2 elementor--h-position-center elementor--v-position-middle elementor-arrows-position-inside elementor-pagination-position-inside elementor-widget elementor-widget-slides\" data-id=\"6557ad2\" data-element_type=\"widget\" data-e-type=\"widget\" data-settings=\"{&quot;navigation&quot;:&quot;both&quot;,&quot;autoplay&quot;:&quot;yes&quot;,&quot;pause_on_hover&quot;:&quot;yes&quot;,&quot;pause_on_interaction&quot;:&quot;yes&quot;,&quot;autoplay_speed&quot;:5000,&quot;infinite&quot;:&quot;yes&quot;,&quot;transition&quot;:&quot;slide&quot;,&quot;transition_speed&quot;:500}\" data-widget_type=\"slides.default\">\n\t\t\t\t<div class=\"elementor-widget-container\">\n\t\t\t\t\t\t\t<div class=\"elementor-swiper\">\n\t\t\t<div class=\"elementor-slides-wrapper elementor-main-swiper swiper-container\" dir=\"ltr\" data-animation=\"fadeInUp\">\n\t\t\t\t<div class=\"swiper-wrapper elementor-slides\">\n\t\t\t\t\t\t\t\t\t\t<div class=\"elementor-repeater-item-4d16bdf swiper-slide\"><div class=\"swiper-slide-bg\" role=\"img\"><\/div><a class=\"swiper-slide-inner\" href=\"https:\/\/www.genotrotter.de\/reiseblog\/cebu-island\/\"><div class=\"swiper-slide-contents\"><div class=\"elementor-slide-heading\">Cebu Island<\/div><div  class=\"elementor-button elementor-slide-button elementor-size-sm\">Hier klicken<\/div><\/div><\/a><\/div>\t\t\t\t<\/div>\n\t\t\t\t\t\t\t<\/div>\n\t\t<\/div>\n\t\t\t\t\t\t<\/div>\n\t\t\t\t<\/div>\n\t\t\t\t\t<\/div>\n\t\t<\/div>\n\t\t\t\t\t<\/div>\n\t\t<\/section>\n\t\t\t\t<section class=\"elementor-section elementor-top-section elementor-element elementor-element-5e0bb1c elementor-section-boxed elementor-section-height-default elementor-section-height-default\" data-id=\"5e0bb1c\" data-element_type=\"section\" data-e-type=\"section\">\n\t\t\t\t\t\t<div class=\"elementor-container elementor-column-gap-default\">\n\t\t\t\t\t<div class=\"elementor-column elementor-col-100 elementor-top-column elementor-element elementor-element-f6b42a9\" data-id=\"f6b42a9\" data-element_type=\"column\" data-e-type=\"column\">\n\t\t\t<div class=\"elementor-widget-wrap elementor-element-populated\">\n\t\t\t\t\t\t<div class=\"elementor-element elementor-element-ee8d968 elementor--h-position-center elementor--v-position-middle elementor-arrows-position-inside elementor-pagination-position-inside elementor-widget elementor-widget-slides\" data-id=\"ee8d968\" data-element_type=\"widget\" data-e-type=\"widget\" data-settings=\"{&quot;navigation&quot;:&quot;both&quot;,&quot;autoplay&quot;:&quot;yes&quot;,&quot;pause_on_hover&quot;:&quot;yes&quot;,&quot;pause_on_interaction&quot;:&quot;yes&quot;,&quot;autoplay_speed&quot;:5000,&quot;infinite&quot;:&quot;yes&quot;,&quot;transition&quot;:&quot;slide&quot;,&quot;transition_speed&quot;:500}\" data-widget_type=\"slides.default\">\n\t\t\t\t<div class=\"elementor-widget-container\">\n\t\t\t\t\t\t\t<div class=\"elementor-swiper\">\n\t\t\t<div class=\"elementor-slides-wrapper elementor-main-swiper swiper-container\" dir=\"ltr\" data-animation=\"fadeInUp\">\n\t\t\t\t<div class=\"swiper-wrapper elementor-slides\">\n\t\t\t\t\t\t\t\t\t\t<div class=\"elementor-repeater-item-b6f4622 swiper-slide\"><div class=\"swiper-slide-bg\" role=\"img\"><\/div><a class=\"swiper-slide-inner\" href=\"https:\/\/www.genotrotter.de\/reiseblog\/siquijor-hier-laesst-es-sich-leben\/\"><div class=\"swiper-slide-contents\"><div class=\"elementor-slide-heading\">Siquijor Island<\/div><div  class=\"elementor-button elementor-slide-button elementor-size-sm\">Hier klicken<\/div><\/div><\/a><\/div>\t\t\t\t<\/div>\n\t\t\t\t\t\t\t<\/div>\n\t\t<\/div>\n\t\t\t\t\t\t<\/div>\n\t\t\t\t<\/div>\n\t\t\t\t\t<\/div>\n\t\t<\/div>\n\t\t\t\t\t<\/div>\n\t\t<\/section>\n\t\t\t\t<section class=\"elementor-section elementor-top-section elementor-element elementor-element-75beff1 elementor-section-boxed elementor-section-height-default elementor-section-height-default\" data-id=\"75beff1\" data-element_type=\"section\" data-e-type=\"section\">\n\t\t\t\t\t\t<div class=\"elementor-container elementor-column-gap-default\">\n\t\t\t\t\t<div class=\"elementor-column elementor-col-100 elementor-top-column elementor-element elementor-element-17f918e\" data-id=\"17f918e\" data-element_type=\"column\" data-e-type=\"column\">\n\t\t\t<div class=\"elementor-widget-wrap elementor-element-populated\">\n\t\t\t\t\t\t<div class=\"elementor-element elementor-element-21f6ec0 elementor--h-position-center elementor--v-position-middle elementor-arrows-position-inside elementor-pagination-position-inside elementor-widget elementor-widget-slides\" data-id=\"21f6ec0\" data-element_type=\"widget\" data-e-type=\"widget\" data-settings=\"{&quot;navigation&quot;:&quot;both&quot;,&quot;autoplay&quot;:&quot;yes&quot;,&quot;pause_on_hover&quot;:&quot;yes&quot;,&quot;pause_on_interaction&quot;:&quot;yes&quot;,&quot;autoplay_speed&quot;:5000,&quot;infinite&quot;:&quot;yes&quot;,&quot;transition&quot;:&quot;slide&quot;,&quot;transition_speed&quot;:500}\" data-widget_type=\"slides.default\">\n\t\t\t\t<div class=\"elementor-widget-container\">\n\t\t\t\t\t\t\t<div class=\"elementor-swiper\">\n\t\t\t<div class=\"elementor-slides-wrapper elementor-main-swiper swiper-container\" dir=\"ltr\" data-animation=\"fadeInUp\">\n\t\t\t\t<div class=\"swiper-wrapper elementor-slides\">\n\t\t\t\t\t\t\t\t\t\t<div class=\"elementor-repeater-item-70ff00b swiper-slide\"><div class=\"swiper-slide-bg\" role=\"img\"><\/div><a class=\"swiper-slide-inner\" href=\"https:\/\/www.genotrotter.de\/reiseblog\/bohol-island\/\"><div class=\"swiper-slide-contents\"><div class=\"elementor-slide-heading\">Bohol Island<\/div><div  class=\"elementor-button elementor-slide-button elementor-size-sm\">Hier klicken<\/div><\/div><\/a><\/div>\t\t\t\t<\/div>\n\t\t\t\t\t\t\t<\/div>\n\t\t<\/div>\n\t\t\t\t\t\t<\/div>\n\t\t\t\t<\/div>\n\t\t\t\t\t<\/div>\n\t\t<\/div>\n\t\t\t\t\t<\/div>\n\t\t<\/section>\n\t\t\t\t<\/div>\n\t\t","protected":false},"excerpt":{"rendered":"<p>Die Philippinen &#8211; ein weeeeit entferntes Reiseziel, welches seit unserem Aufenthalt in Tokio pl\u00f6tzlich gar nicht mehr so weit weg erschien. Obwohl das Land der \u00fcber 7.600 Inseln urspr\u00fcnglich nicht auf unserer Liste stand, waren wir dennoch offen f\u00fcr eine spontane Kurs\u00e4nderung. Also verbrachten wir knapp einen Monat auf drei verschiedenen Inseln. Besonders die unber\u00fchrte, &#8230; <a title=\"Philippinen\" class=\"read-more\" href=\"https:\/\/www.genotrotter.de\/reiseblog\/philippinen\/\" aria-label=\"Mehr Informationen \u00fcber Philippinen\">Weiterlesen<\/a><\/p>\n","protected":false},"author":1,"featured_media":0,"parent":0,"menu_order":0,"comment_status":"closed","ping_status":"closed","template":"","meta":{"footnotes":""},"class_list":["post-8823","page","type-page","status-publish"],"_links":{"self":[{"href":"https:\/\/www.genotrotter.de\/reiseblog\/wp-json\/wp\/v2\/pages\/8823","targetHints":{"allow":["GET"]}}],"collection":[{"href":"https:\/\/www.genotrotter.de\/reiseblog\/wp-json\/wp\/v2\/pages"}],"about":[{"href":"https:\/\/www.genotrotter.de\/reiseblog\/wp-json\/wp\/v2\/types\/page"}],"author":[{"embeddable":true,"href":"https:\/\/www.genotrotter.de\/reiseblog\/wp-json\/wp\/v2\/users\/1"}],"replies":[{"embeddable":true,"href":"https:\/\/www.genotrotter.de\/reiseblog\/wp-json\/wp\/v2\/comments?post=8823"}],"version-history":[{"count":37,"href":"https:\/\/www.genotrotter.de\/reiseblog\/wp-json\/wp\/v2\/pages\/8823\/revisions"}],"predecessor-version":[{"id":9281,"href":"https:\/\/www.genotrotter.de\/reiseblog\/wp-json\/wp\/v2\/pages\/8823\/revisions\/9281"}],"wp:attachment":[{"href":"https:\/\/www.genotrotter.de\/reiseblog\/wp-json\/wp\/v2\/media?parent=8823"}],"curies":[{"name":"wp","href":"https:\/\/api.w.org\/{rel}","templated":true}]}}