{"id":9472,"date":"2024-02-14T02:41:41","date_gmt":"2024-02-14T02:41:41","guid":{"rendered":"https:\/\/www.genotrotter.de\/reiseblog\/?page_id=9472"},"modified":"2024-04-05T10:09:14","modified_gmt":"2024-04-05T10:09:14","slug":"indonesien","status":"publish","type":"page","link":"https:\/\/www.genotrotter.de\/reiseblog\/indonesien\/","title":{"rendered":"Indonesien"},"content":{"rendered":"\t\t<div data-elementor-type=\"wp-page\" data-elementor-id=\"9472\" class=\"elementor elementor-9472\" data-elementor-post-type=\"page\">\n\t\t\t\t\t\t<section class=\"elementor-section elementor-top-section elementor-element elementor-element-2873e9f elementor-section-boxed elementor-section-height-default elementor-section-height-default\" data-id=\"2873e9f\" data-element_type=\"section\" data-e-type=\"section\">\n\t\t\t\t\t\t<div class=\"elementor-container elementor-column-gap-default\">\n\t\t\t\t\t<div class=\"elementor-column elementor-col-100 elementor-top-column elementor-element elementor-element-a1be870\" data-id=\"a1be870\" data-element_type=\"column\" data-e-type=\"column\">\n\t\t\t<div class=\"elementor-widget-wrap elementor-element-populated\">\n\t\t\t\t\t\t<div class=\"elementor-element elementor-element-f1a409b elementor-widget elementor-widget-text-editor\" data-id=\"f1a409b\" data-element_type=\"widget\" data-e-type=\"widget\" data-widget_type=\"text-editor.default\">\n\t\t\t\t<div class=\"elementor-widget-container\">\n\t\t\t\t\t\t\t\t\t<p>Ein Land, welches wir anfangs gar nicht auf unserer Reiseroute hatten, wurde schnell zu eines unserer <em>Asien<\/em> Favoriten! Einen Monat lang haben wir das Land der mehr als 17.500 Inseln bereist und uns dabei besonders in eine Insel verliebt: <em>Lombok<\/em>! Das noch recht unentdeckte Surferparadies, gl\u00e4nzt nur so voller saftig gr\u00fcnen Reisfeldern, Palmenalleen und geheimen Sandstr\u00e4nden. Dort haben wir uns auch das erste Mal aufs Surfbrett getaut und dabei gar nicht mal so schlecht abgeschnitten.\u00a0<\/p><p>Au\u00dferdem haben wir uns auf zwei aktive Vulkane, den <em>Bromo<\/em> sowie den <em>Ijen<\/em> begeben und dabei feststellen m\u00fcssen: Manchmal ist es besser, nicht jede Touristenattraktion mitzunehmen! Die Kultur und Tradition, welche besonders in <em>Yogyakarta<\/em> noch zu 100 % gelebt wird, hat uns verzaubert und wir haben die Zeit bei Einheimischen sehr genossen.\u00a0<\/p><p><em>Indonesien<\/em> war auch das erste Land, wo wir uns f\u00fcr 5 Tage getrennt haben und allein gereist sind. Wir wollten diese Erfahrung unbedingt mal gemacht haben. Die Insel <em>Gili Air<\/em> bot sich daf\u00fcr perfekt an: Gena im Yoga Retreat und Bruno am Schnorcheln und neue Menschen kennenlernen! \ud83d\ude42\u00a0<\/p><p>Bewusst haben wir <em>Bali<\/em> nur als Zwischenstopp mitgenommen &#8211; es war uns einfach viel zu touristisch!<\/p><p>Viel Spa\u00df beim Durchst\u00f6bert unserer Erfahrungen auf <em>Java<\/em>, <em>Gili Air<\/em> und <em>Lombok<\/em>! Vergesst die Sonnenbrille nicht! \ud83d\ude42\u00a0<\/p>\t\t\t\t\t\t\t\t<\/div>\n\t\t\t\t<\/div>\n\t\t\t\t\t<\/div>\n\t\t<\/div>\n\t\t\t\t\t<\/div>\n\t\t<\/section>\n\t\t\t\t<section class=\"elementor-section elementor-top-section elementor-element elementor-element-f738bed elementor-section-boxed elementor-section-height-default elementor-section-height-default\" data-id=\"f738bed\" data-element_type=\"section\" data-e-type=\"section\">\n\t\t\t\t\t\t<div class=\"elementor-container elementor-column-gap-default\">\n\t\t\t\t\t<div class=\"elementor-column elementor-col-100 elementor-top-column elementor-element elementor-element-2980570\" data-id=\"2980570\" data-element_type=\"column\" data-e-type=\"column\">\n\t\t\t<div class=\"elementor-widget-wrap elementor-element-populated\">\n\t\t\t\t\t\t<div class=\"elementor-element elementor-element-4add163 elementor--h-position-center elementor--v-position-middle elementor-arrows-position-inside elementor-pagination-position-inside elementor-widget elementor-widget-slides\" data-id=\"4add163\" data-element_type=\"widget\" data-e-type=\"widget\" data-settings=\"{&quot;navigation&quot;:&quot;both&quot;,&quot;autoplay&quot;:&quot;yes&quot;,&quot;pause_on_hover&quot;:&quot;yes&quot;,&quot;pause_on_interaction&quot;:&quot;yes&quot;,&quot;autoplay_speed&quot;:5000,&quot;infinite&quot;:&quot;yes&quot;,&quot;transition&quot;:&quot;slide&quot;,&quot;transition_speed&quot;:500}\" data-widget_type=\"slides.default\">\n\t\t\t\t<div class=\"elementor-widget-container\">\n\t\t\t\t\t\t\t<div class=\"elementor-swiper\">\n\t\t\t<div class=\"elementor-slides-wrapper elementor-main-swiper swiper-container\" dir=\"ltr\" data-animation=\"fadeInUp\">\n\t\t\t\t<div class=\"swiper-wrapper elementor-slides\">\n\t\t\t\t\t\t\t\t\t\t<div class=\"elementor-repeater-item-3e0b52f swiper-slide\"><div class=\"swiper-slide-bg\" role=\"img\"><\/div><a class=\"swiper-slide-inner\" href=\"https:\/\/www.genotrotter.de\/reiseblog\/java\/\"><div class=\"swiper-slide-contents\"><div class=\"elementor-slide-heading\">Java<\/div><div  class=\"elementor-button elementor-slide-button elementor-size-sm\">Hier klicken<\/div><\/div><\/a><\/div>\t\t\t\t<\/div>\n\t\t\t\t\t\t\t<\/div>\n\t\t<\/div>\n\t\t\t\t\t\t<\/div>\n\t\t\t\t<\/div>\n\t\t\t\t\t<\/div>\n\t\t<\/div>\n\t\t\t\t\t<\/div>\n\t\t<\/section>\n\t\t\t\t<section class=\"elementor-section elementor-top-section elementor-element elementor-element-61978e8 elementor-section-boxed elementor-section-height-default elementor-section-height-default\" data-id=\"61978e8\" data-element_type=\"section\" data-e-type=\"section\">\n\t\t\t\t\t\t<div class=\"elementor-container elementor-column-gap-default\">\n\t\t\t\t\t<div class=\"elementor-column elementor-col-100 elementor-top-column elementor-element elementor-element-282abbf\" data-id=\"282abbf\" data-element_type=\"column\" data-e-type=\"column\">\n\t\t\t<div class=\"elementor-widget-wrap elementor-element-populated\">\n\t\t\t\t\t\t<div class=\"elementor-element elementor-element-d7fbaaa elementor--h-position-center elementor--v-position-middle elementor-arrows-position-inside elementor-pagination-position-inside elementor-widget elementor-widget-slides\" data-id=\"d7fbaaa\" data-element_type=\"widget\" data-e-type=\"widget\" data-settings=\"{&quot;navigation&quot;:&quot;both&quot;,&quot;autoplay&quot;:&quot;yes&quot;,&quot;pause_on_hover&quot;:&quot;yes&quot;,&quot;pause_on_interaction&quot;:&quot;yes&quot;,&quot;autoplay_speed&quot;:5000,&quot;infinite&quot;:&quot;yes&quot;,&quot;transition&quot;:&quot;slide&quot;,&quot;transition_speed&quot;:500}\" data-widget_type=\"slides.default\">\n\t\t\t\t<div class=\"elementor-widget-container\">\n\t\t\t\t\t\t\t<div class=\"elementor-swiper\">\n\t\t\t<div class=\"elementor-slides-wrapper elementor-main-swiper swiper-container\" dir=\"ltr\" data-animation=\"fadeInUp\">\n\t\t\t\t<div class=\"swiper-wrapper elementor-slides\">\n\t\t\t\t\t\t\t\t\t\t<div class=\"elementor-repeater-item-3f4930d swiper-slide\"><div class=\"swiper-slide-bg\" role=\"img\"><\/div><a class=\"swiper-slide-inner\" href=\"https:\/\/www.genotrotter.de\/reiseblog\/gili-air\/\"><div class=\"swiper-slide-contents\"><div class=\"elementor-slide-heading\">Gili Air<\/div><div  class=\"elementor-button elementor-slide-button elementor-size-sm\">Hier klicken<\/div><\/div><\/a><\/div>\t\t\t\t<\/div>\n\t\t\t\t\t\t\t<\/div>\n\t\t<\/div>\n\t\t\t\t\t\t<\/div>\n\t\t\t\t<\/div>\n\t\t\t\t\t<\/div>\n\t\t<\/div>\n\t\t\t\t\t<\/div>\n\t\t<\/section>\n\t\t\t\t<section class=\"elementor-section elementor-top-section elementor-element elementor-element-efd1480 elementor-section-boxed elementor-section-height-default elementor-section-height-default\" data-id=\"efd1480\" data-element_type=\"section\" data-e-type=\"section\">\n\t\t\t\t\t\t<div class=\"elementor-container elementor-column-gap-default\">\n\t\t\t\t\t<div class=\"elementor-column elementor-col-100 elementor-top-column elementor-element elementor-element-3a4c8cb\" data-id=\"3a4c8cb\" data-element_type=\"column\" data-e-type=\"column\">\n\t\t\t<div class=\"elementor-widget-wrap elementor-element-populated\">\n\t\t\t\t\t\t<div class=\"elementor-element elementor-element-7569c3d stratum-swiper-direction-vertical elementor-widget elementor-widget-stratum-advanced-slider\" data-id=\"7569c3d\" data-element_type=\"widget\" data-e-type=\"widget\" data-settings=\"{&quot;navigation&quot;:&quot;pagination&quot;,&quot;slider_direction&quot;:&quot;vertical&quot;,&quot;columns_count&quot;:&quot;1&quot;,&quot;columns_count_tablet&quot;:&quot;1&quot;,&quot;columns_count_mobile&quot;:&quot;1&quot;,&quot;slides_to_scroll&quot;:&quot;1&quot;,&quot;slides_to_scroll_tablet&quot;:&quot;1&quot;,&quot;slides_to_scroll_mobile&quot;:&quot;1&quot;,&quot;pagination_style&quot;:&quot;bullets&quot;,&quot;slide_effects&quot;:&quot;slide&quot;,&quot;animation_speed&quot;:300}\" data-widget_type=\"stratum-advanced-slider.default\">\n\t\t\t\t<div class=\"elementor-widget-container\">\n\t\t\t\t\t<div class=\"stratum-advanced-slider\" data-slider-options=\"{&quot;slidesPerView&quot;:1,&quot;slidesPerColumn&quot;:1,&quot;slidesPerColumnFill&quot;:&quot;row&quot;,&quot;slidesPerGroup&quot;:1,&quot;direction&quot;:&quot;vertical&quot;,&quot;autoHeight&quot;:false,&quot;keyboard&quot;:false,&quot;mousewheel&quot;:false,&quot;centeredSlides&quot;:false,&quot;spaceBetween&quot;:0,&quot;freeMode&quot;:false,&quot;effect&quot;:&quot;slide&quot;,&quot;autoplay&quot;:false,&quot;autoplayPause&quot;:false,&quot;loop&quot;:false,&quot;speed&quot;:300,&quot;allowTouchMove&quot;:false,&quot;textAnimationDelay&quot;:500,&quot;coverflow_visible&quot;:false,&quot;responsive&quot;:{&quot;slidesPerView_tablet&quot;:1,&quot;slidesPerView_mobile&quot;:1,&quot;slidesPerColumn_tablet&quot;:1,&quot;slidesPerColumn_mobile&quot;:1,&quot;slidesPerGroup_tablet&quot;:1,&quot;slidesPerGroup_mobile&quot;:1,&quot;spaceBetween_tablet&quot;:0,&quot;spaceBetween_mobile&quot;:0},&quot;pagination&quot;:{&quot;el&quot;:&quot;.swiper-pagination&quot;,&quot;type&quot;:&quot;bullets&quot;,&quot;clickable&quot;:true,&quot;dynamicBullets&quot;:false}}\">\n\t<div class=\"swiper swiper-container\">\n\t\t<div class=\"swiper-wrapper\">\n\t\t\t\t\t\t\t<div class=\"swiper-slide elementor-repeater-item-a808de4\">\n\t\t\t\t\t<div class=\"stratum-advanced-slider__image\" style=\"background-image: url('https:\/\/www.genotrotter.de\/reiseblog\/wp-content\/uploads\/2024\/03\/dji_fly_20240301_115040_604_1709288418045_aeb-3-1-scaled.jpg'); \"><\/div>\n\t\t\t\t\t<div class=\"stratum-advanced-slider__slide-content\">\n\t\t\t\t\t\t<div class=\"stratum-advanced-slider__slide-wrapper\">\n\t\t\t\t\t\t\t<div class=\"stratum-advanced-slider__slide-container\">\n\t\t\t\t\t\t\t\t\t\t\t\t\t\t\t<h3 class=\"stratum-advanced-slider__title\">\n\t\t\t\t\t\t\t\t\tLombok \t\t\t\t\t\t\t\t<\/h3>\n\t\t\t\t\t\t\t\t\t\t\t\t\t\t\t<div class=\"stratum-advanced-slider__button\">\n\t\t\t\t\t\t\t\t\t<a href=\"https:\/\/www.genotrotter.de\/reiseblog\/lombok\/\" target=\"_blank\"  >Hier Klicken<\/a>\n\t\t\t\t\t\t\t\t<\/div>\n\t\t\t\t\t\t\t\t\t\t\t\t\t\t<\/div>\n\t\t\t\t\t\t<\/div>\n\t\t\t\t\t<\/div>\n\t\t\t\t\t<div class=\"stratum-advanced-slider__overlay\"><\/div>\n\t\t\t\t<\/div>\n\t\t\t\t\t<\/div>\n\t\t\t\t\t\t<div class=\"swiper-pagination\"><\/div>\n\t\t\t\t<\/div>\n\n\t<\/div>\n\t\t\t\t<\/div>\n\t\t\t\t<\/div>\n\t\t\t\t\t<\/div>\n\t\t<\/div>\n\t\t\t\t\t<\/div>\n\t\t<\/section>\n\t\t\t\t<\/div>\n\t\t","protected":false},"excerpt":{"rendered":"<p>Ein Land, welches wir anfangs gar nicht auf unserer Reiseroute hatten, wurde schnell zu eines unserer Asien Favoriten! Einen Monat lang haben wir das Land der mehr als 17.500 Inseln bereist und uns dabei besonders in eine Insel verliebt: Lombok! Das noch recht unentdeckte Surferparadies, gl\u00e4nzt nur so voller saftig gr\u00fcnen Reisfeldern, Palmenalleen und geheimen &#8230; <a title=\"Indonesien\" class=\"read-more\" href=\"https:\/\/www.genotrotter.de\/reiseblog\/indonesien\/\" aria-label=\"Mehr Informationen \u00fcber Indonesien\">Weiterlesen<\/a><\/p>\n","protected":false},"author":1,"featured_media":0,"parent":0,"menu_order":0,"comment_status":"closed","ping_status":"closed","template":"","meta":{"footnotes":""},"class_list":["post-9472","page","type-page","status-publish"],"_links":{"self":[{"href":"https:\/\/www.genotrotter.de\/reiseblog\/wp-json\/wp\/v2\/pages\/9472","targetHints":{"allow":["GET"]}}],"collection":[{"href":"https:\/\/www.genotrotter.de\/reiseblog\/wp-json\/wp\/v2\/pages"}],"about":[{"href":"https:\/\/www.genotrotter.de\/reiseblog\/wp-json\/wp\/v2\/types\/page"}],"author":[{"embeddable":true,"href":"https:\/\/www.genotrotter.de\/reiseblog\/wp-json\/wp\/v2\/users\/1"}],"replies":[{"embeddable":true,"href":"https:\/\/www.genotrotter.de\/reiseblog\/wp-json\/wp\/v2\/comments?post=9472"}],"version-history":[{"count":70,"href":"https:\/\/www.genotrotter.de\/reiseblog\/wp-json\/wp\/v2\/pages\/9472\/revisions"}],"predecessor-version":[{"id":10987,"href":"https:\/\/www.genotrotter.de\/reiseblog\/wp-json\/wp\/v2\/pages\/9472\/revisions\/10987"}],"wp:attachment":[{"href":"https:\/\/www.genotrotter.de\/reiseblog\/wp-json\/wp\/v2\/media?parent=9472"}],"curies":[{"name":"wp","href":"https:\/\/api.w.org\/{rel}","templated":true}]}}